{"id":114,"date":"2023-03-17T12:30:51","date_gmt":"2023-03-17T12:30:51","guid":{"rendered":"https:\/\/asapd.ro\/?page_id=114"},"modified":"2023-03-21T17:47:07","modified_gmt":"2023-03-21T15:47:07","slug":"despre-noi","status":"publish","type":"page","link":"https:\/\/asapd.ro\/en\/despre-noi\/","title":{"rendered":"About Us"},"content":{"rendered":"<div data-elementor-type=\"wp-page\" data-elementor-id=\"114\" class=\"elementor elementor-114\" data-elementor-post-type=\"page\">\n\t\t\t\t\t\t<section class=\"elementor-section elementor-top-section elementor-element elementor-element-bdb2848 elementor-section-height-min-height elementor-section-boxed elementor-section-height-default elementor-section-items-middle\" data-id=\"bdb2848\" data-element_type=\"section\" data-settings=\"{&quot;background_background&quot;:&quot;classic&quot;}\">\n\t\t\t\t\t\t\t<div class=\"elementor-background-overlay\"><\/div>\n\t\t\t\t\t\t\t<div class=\"elementor-container elementor-column-gap-default\">\n\t\t\t\t\t<div class=\"elementor-column elementor-col-100 elementor-top-column elementor-element elementor-element-0d003b9\" data-id=\"0d003b9\" data-element_type=\"column\">\n\t\t\t<div class=\"elementor-widget-wrap elementor-element-populated\">\n\t\t\t\t\t\t<div class=\"elementor-element elementor-element-e9e93fc elementor-widget elementor-widget-heading\" data-id=\"e9e93fc\" data-element_type=\"widget\" data-widget_type=\"heading.default\">\n\t\t\t\t<div class=\"elementor-widget-container\">\n\t\t\t<style>\/*! elementor - v3.19.0 - 29-01-2024 *\/\n.elementor-heading-title{padding:0;margin:0;line-height:1}.elementor-widget-heading .elementor-heading-title[class*=elementor-size-]>a{color:inherit;font-size:inherit;line-height:inherit}.elementor-widget-heading .elementor-heading-title.elementor-size-small{font-size:15px}.elementor-widget-heading .elementor-heading-title.elementor-size-medium{font-size:19px}.elementor-widget-heading .elementor-heading-title.elementor-size-large{font-size:29px}.elementor-widget-heading .elementor-heading-title.elementor-size-xl{font-size:39px}.elementor-widget-heading .elementor-heading-title.elementor-size-xxl{font-size:59px}<\/style><h2 class=\"elementor-heading-title elementor-size-default\">ASOCIA\u021aIA ANTREPRENORI PENTRU DEZVOLTARE\n<\/h2>\t\t<\/div>\n\t\t\t\t<\/div>\n\t\t\t\t<div class=\"elementor-element elementor-element-15dde69 elementor-widget elementor-widget-heading\" data-id=\"15dde69\" data-element_type=\"widget\" data-widget_type=\"heading.default\">\n\t\t\t\t<div class=\"elementor-widget-container\">\n\t\t\t<h1 class=\"elementor-heading-title elementor-size-default\">About Us<\/h1>\t\t<\/div>\n\t\t\t\t<\/div>\n\t\t\t\t<div class=\"elementor-element elementor-element-6652d41 elementor-widget elementor-widget-heading\" data-id=\"6652d41\" data-element_type=\"widget\" data-widget_type=\"heading.default\">\n\t\t\t\t<div class=\"elementor-widget-container\">\n\t\t\t<h2 class=\"elementor-heading-title elementor-size-default translation-block\">Building a Stronger<BR> Romania<\/h2>\t\t<\/div>\n\t\t\t\t<\/div>\n\t\t\t\t\t<\/div>\n\t\t<\/div>\n\t\t\t\t\t<\/div>\n\t\t<\/section>\n\t\t\t\t<section class=\"elementor-section elementor-top-section elementor-element elementor-element-60df83d elementor-section-boxed elementor-section-height-default elementor-section-height-default\" data-id=\"60df83d\" data-element_type=\"section\" data-settings=\"{&quot;background_background&quot;:&quot;classic&quot;}\">\n\t\t\t\t\t\t<div class=\"elementor-container elementor-column-gap-default\">\n\t\t\t\t\t<div class=\"elementor-column elementor-col-66 elementor-top-column elementor-element elementor-element-fdd9394\" data-id=\"fdd9394\" data-element_type=\"column\">\n\t\t\t<div class=\"elementor-widget-wrap elementor-element-populated\">\n\t\t\t\t\t\t<section class=\"elementor-section elementor-inner-section elementor-element elementor-element-a036e28 elementor-section-full_width elementor-section-height-min-height elementor-reverse-mobile elementor-section-height-default\" data-id=\"a036e28\" data-element_type=\"section\">\n\t\t\t\t\t\t<div class=\"elementor-container elementor-column-gap-no\">\n\t\t\t\t\t<div class=\"elementor-column elementor-col-50 elementor-inner-column elementor-element elementor-element-6d84f87\" data-id=\"6d84f87\" data-element_type=\"column\" data-settings=\"{&quot;background_background&quot;:&quot;classic&quot;}\">\n\t\t\t<div class=\"elementor-widget-wrap elementor-element-populated\">\n\t\t\t\t\t\t<div class=\"elementor-element elementor-element-aef2e77 elementor-widget elementor-widget-spacer\" data-id=\"aef2e77\" data-element_type=\"widget\" data-widget_type=\"spacer.default\">\n\t\t\t\t<div class=\"elementor-widget-container\">\n\t\t\t<style>\/*! elementor - v3.19.0 - 29-01-2024 *\/\n.elementor-column .elementor-spacer-inner{height:var(--spacer-size)}.e-con{--container-widget-width:100%}.e-con-inner>.elementor-widget-spacer,.e-con>.elementor-widget-spacer{width:var(--container-widget-width,var(--spacer-size));--align-self:var(--container-widget-align-self,initial);--flex-shrink:0}.e-con-inner>.elementor-widget-spacer>.elementor-widget-container,.e-con>.elementor-widget-spacer>.elementor-widget-container{height:100%;width:100%}.e-con-inner>.elementor-widget-spacer>.elementor-widget-container>.elementor-spacer,.e-con>.elementor-widget-spacer>.elementor-widget-container>.elementor-spacer{height:100%}.e-con-inner>.elementor-widget-spacer>.elementor-widget-container>.elementor-spacer>.elementor-spacer-inner,.e-con>.elementor-widget-spacer>.elementor-widget-container>.elementor-spacer>.elementor-spacer-inner{height:var(--container-widget-height,var(--spacer-size))}.e-con-inner>.elementor-widget-spacer.elementor-widget-empty,.e-con>.elementor-widget-spacer.elementor-widget-empty{position:relative;min-height:22px;min-width:22px}.e-con-inner>.elementor-widget-spacer.elementor-widget-empty .elementor-widget-empty-icon,.e-con>.elementor-widget-spacer.elementor-widget-empty .elementor-widget-empty-icon{position:absolute;top:0;bottom:0;left:0;right:0;margin:auto;padding:0;width:22px;height:22px}<\/style>\t\t<div class=\"elementor-spacer\">\n\t\t\t<div class=\"elementor-spacer-inner\"><\/div>\n\t\t<\/div>\n\t\t\t\t<\/div>\n\t\t\t\t<\/div>\n\t\t\t\t\t<\/div>\n\t\t<\/div>\n\t\t\t\t<div class=\"elementor-column elementor-col-50 elementor-inner-column elementor-element elementor-element-b885549\" data-id=\"b885549\" data-element_type=\"column\" data-settings=\"{&quot;background_background&quot;:&quot;classic&quot;}\">\n\t\t\t<div class=\"elementor-widget-wrap elementor-element-populated\">\n\t\t\t\t\t\t<div class=\"elementor-element elementor-element-b15bf19 elementor-widget elementor-widget-heading\" data-id=\"b15bf19\" data-element_type=\"widget\" data-widget_type=\"heading.default\">\n\t\t\t\t<div class=\"elementor-widget-container\">\n\t\t\t<h2 class=\"elementor-heading-title elementor-size-default\">Fighting for positive development in Romania since 2019\n<\/h2>\t\t<\/div>\n\t\t\t\t<\/div>\n\t\t\t\t<div class=\"elementor-element elementor-element-6a7d097 elementor-widget elementor-widget-text-editor\" data-id=\"6a7d097\" data-element_type=\"widget\" data-widget_type=\"text-editor.default\">\n\t\t\t\t<div class=\"elementor-widget-container\">\n\t\t\t<style>\/*! elementor - v3.19.0 - 29-01-2024 *\/\n.elementor-widget-text-editor.elementor-drop-cap-view-stacked .elementor-drop-cap{background-color:#69727d;color:#fff}.elementor-widget-text-editor.elementor-drop-cap-view-framed .elementor-drop-cap{color:#69727d;border:3px solid;background-color:transparent}.elementor-widget-text-editor:not(.elementor-drop-cap-view-default) .elementor-drop-cap{margin-top:8px}.elementor-widget-text-editor:not(.elementor-drop-cap-view-default) .elementor-drop-cap-letter{width:1em;height:1em}.elementor-widget-text-editor .elementor-drop-cap{float:left;text-align:center;line-height:1;font-size:50px}.elementor-widget-text-editor .elementor-drop-cap-letter{display:inline-block}<\/style>\t\t\t\t<p>As a responsible civil society, we all have a duty to intervene to develop and improve the concept of effective organization and collaboration in relation to public institutions<\/p>\t\t\t\t\t\t<\/div>\n\t\t\t\t<\/div>\n\t\t\t\t<div class=\"elementor-element elementor-element-57c4988 elementor-widget elementor-widget-button\" data-id=\"57c4988\" data-element_type=\"widget\" data-widget_type=\"button.default\">\n\t\t\t\t<div class=\"elementor-widget-container\">\n\t\t\t\t\t<div class=\"elementor-button-wrapper\">\n\t\t\t<a class=\"elementor-button elementor-button-link elementor-size-sm\" href=\"#\">\n\t\t\t\t\t\t<span class=\"elementor-button-content-wrapper\">\n\t\t\t\t\t\t<span class=\"elementor-button-text\">Donate Now<\/span>\n\t\t<\/span>\n\t\t\t\t\t<\/a>\n\t\t<\/div>\n\t\t\t\t<\/div>\n\t\t\t\t<\/div>\n\t\t\t\t\t<\/div>\n\t\t<\/div>\n\t\t\t\t\t<\/div>\n\t\t<\/section>\n\t\t\t\t\t<\/div>\n\t\t<\/div>\n\t\t\t\t<div class=\"elementor-column elementor-col-33 elementor-top-column elementor-element elementor-element-d5fd302\" data-id=\"d5fd302\" data-element_type=\"column\" data-settings=\"{&quot;background_background&quot;:&quot;classic&quot;}\">\n\t\t\t<div class=\"elementor-widget-wrap elementor-element-populated\">\n\t\t\t\t\t\t<div class=\"elementor-element elementor-element-0f9961d elementor-widget elementor-widget-image\" data-id=\"0f9961d\" data-element_type=\"widget\" data-widget_type=\"image.default\">\n\t\t\t\t<div class=\"elementor-widget-container\">\n\t\t\t<style>\/*! elementor - v3.19.0 - 29-01-2024 *\/\n.elementor-widget-image{text-align:center}.elementor-widget-image a{display:inline-block}.elementor-widget-image a img[src$=\".svg\"]{width:48px}.elementor-widget-image img{vertical-align:middle;display:inline-block}<\/style>\t\t\t\t\t\t\t\t\t\t<img fetchpriority=\"high\" decoding=\"async\" width=\"435\" height=\"285\" src=\"https:\/\/asapd.ro\/wp-content\/uploads\/2023\/03\/Untitled-design-1.webp\" class=\"attachment-large size-large wp-image-299\" alt=\"ASAPD Cooperarea european\u0103 \u0219i transatlantic\u0103\" srcset=\"https:\/\/asapd.ro\/wp-content\/uploads\/2023\/03\/Untitled-design-1.webp 435w, https:\/\/asapd.ro\/wp-content\/uploads\/2023\/03\/Untitled-design-1-300x197.webp 300w, https:\/\/asapd.ro\/wp-content\/uploads\/2023\/03\/Untitled-design-1-18x12.webp 18w\" sizes=\"(max-width: 435px) 100vw, 435px\" \/>\t\t\t\t\t\t\t\t\t\t\t\t\t<\/div>\n\t\t\t\t<\/div>\n\t\t\t\t<div class=\"elementor-element elementor-element-c654c3c elementor-widget__width-initial elementor-widget elementor-widget-heading\" data-id=\"c654c3c\" data-element_type=\"widget\" data-widget_type=\"heading.default\">\n\t\t\t\t<div class=\"elementor-widget-container\">\n\t\t\t<h2 class=\"elementor-heading-title elementor-size-default\">European and transatlantic cooperation\n<\/h2>\t\t<\/div>\n\t\t\t\t<\/div>\n\t\t\t\t<div class=\"elementor-element elementor-element-b44ac91 elementor-widget__width-initial elementor-widget elementor-widget-text-editor\" data-id=\"b44ac91\" data-element_type=\"widget\" data-widget_type=\"text-editor.default\">\n\t\t\t\t<div class=\"elementor-widget-container\">\n\t\t\t\t\t\t\t<p>ASAP.D promotes European and transatlantic cooperation for increased development in Romania.<\/p>\t\t\t\t\t\t<\/div>\n\t\t\t\t<\/div>\n\t\t\t\t\t<\/div>\n\t\t<\/div>\n\t\t\t\t\t<\/div>\n\t\t<\/section>\n\t\t\t\t<section class=\"elementor-section elementor-top-section elementor-element elementor-element-bbfb85a elementor-section-boxed elementor-section-height-default elementor-section-height-default\" data-id=\"bbfb85a\" data-element_type=\"section\" data-settings=\"{&quot;background_background&quot;:&quot;classic&quot;}\">\n\t\t\t\t\t\t<div class=\"elementor-container elementor-column-gap-default\">\n\t\t\t\t\t<div class=\"elementor-column elementor-col-50 elementor-top-column elementor-element elementor-element-dfc39ab\" data-id=\"dfc39ab\" data-element_type=\"column\">\n\t\t\t<div class=\"elementor-widget-wrap elementor-element-populated\">\n\t\t\t\t\t\t<div class=\"elementor-element elementor-element-e2fcd18 elementor-widget elementor-widget-heading\" data-id=\"e2fcd18\" data-element_type=\"widget\" data-widget_type=\"heading.default\">\n\t\t\t\t<div class=\"elementor-widget-container\">\n\t\t\t<h2 class=\"elementor-heading-title elementor-size-default\">Together with our partners, we have initiated a multitude of projects that contribute to the social, civic and economic development of the Romanian community.<\/h2>\t\t<\/div>\n\t\t\t\t<\/div>\n\t\t\t\t\t<\/div>\n\t\t<\/div>\n\t\t\t\t<div class=\"elementor-column elementor-col-50 elementor-top-column elementor-element elementor-element-cde8d86\" data-id=\"cde8d86\" data-element_type=\"column\">\n\t\t\t<div class=\"elementor-widget-wrap elementor-element-populated\">\n\t\t\t\t\t\t<div class=\"elementor-element elementor-element-96521e0 elementor-align-right elementor-mobile-align-left elementor-widget elementor-widget-button\" data-id=\"96521e0\" data-element_type=\"widget\" data-widget_type=\"button.default\">\n\t\t\t\t<div class=\"elementor-widget-container\">\n\t\t\t\t\t<div class=\"elementor-button-wrapper\">\n\t\t\t<a class=\"elementor-button elementor-button-link elementor-size-sm\" href=\"#\">\n\t\t\t\t\t\t<span class=\"elementor-button-content-wrapper\">\n\t\t\t\t\t\t<span class=\"elementor-button-text\">Our Projects<\/span>\n\t\t<\/span>\n\t\t\t\t\t<\/a>\n\t\t<\/div>\n\t\t\t\t<\/div>\n\t\t\t\t<\/div>\n\t\t\t\t\t<\/div>\n\t\t<\/div>\n\t\t\t\t\t<\/div>\n\t\t<\/section>\n\t\t\t\t<section class=\"elementor-section elementor-top-section elementor-element elementor-element-74434b8 elementor-section-boxed elementor-section-height-default elementor-section-height-default\" data-id=\"74434b8\" data-element_type=\"section\" data-settings=\"{&quot;background_background&quot;:&quot;classic&quot;}\">\n\t\t\t\t\t\t<div class=\"elementor-container elementor-column-gap-default\">\n\t\t\t\t\t<div class=\"elementor-column elementor-col-25 elementor-top-column elementor-element elementor-element-d429e92\" data-id=\"d429e92\" data-element_type=\"column\">\n\t\t\t<div class=\"elementor-widget-wrap elementor-element-populated\">\n\t\t\t\t\t\t<div class=\"elementor-element elementor-element-9de5fc7 elementor-widget elementor-widget-image\" data-id=\"9de5fc7\" data-element_type=\"widget\" data-widget_type=\"image.default\">\n\t\t\t\t<div class=\"elementor-widget-container\">\n\t\t\t\t\t\t\t\t\t\t\t\t\t<img decoding=\"async\" width=\"300\" height=\"100\" src=\"https:\/\/asapd.ro\/wp-content\/uploads\/2023\/03\/S.C.-CELAROM-S.R.L..webp\" class=\"elementor-animation-grow attachment-large size-large wp-image-195\" alt=\"S.C. CELAROM S.R.L.\" srcset=\"https:\/\/asapd.ro\/wp-content\/uploads\/2023\/03\/S.C.-CELAROM-S.R.L..webp 300w, https:\/\/asapd.ro\/wp-content\/uploads\/2023\/03\/S.C.-CELAROM-S.R.L.-18x6.webp 18w\" sizes=\"(max-width: 300px) 100vw, 300px\" \/>\t\t\t\t\t\t\t\t\t\t\t\t\t<\/div>\n\t\t\t\t<\/div>\n\t\t\t\t\t<\/div>\n\t\t<\/div>\n\t\t\t\t<div class=\"elementor-column elementor-col-25 elementor-top-column elementor-element elementor-element-1a1f1ca\" data-id=\"1a1f1ca\" data-element_type=\"column\">\n\t\t\t<div class=\"elementor-widget-wrap elementor-element-populated\">\n\t\t\t\t\t\t<div class=\"elementor-element elementor-element-c4622a8 elementor-widget elementor-widget-image\" data-id=\"c4622a8\" data-element_type=\"widget\" data-widget_type=\"image.default\">\n\t\t\t\t<div class=\"elementor-widget-container\">\n\t\t\t\t\t\t\t\t\t\t\t\t\t<img decoding=\"async\" width=\"300\" height=\"100\" src=\"https:\/\/asapd.ro\/wp-content\/uploads\/2023\/03\/S.C.-SIWO-PROIECTING-S.R.L..webp\" class=\"elementor-animation-grow attachment-large size-large wp-image-196\" alt=\"S.C. SIWO PROIECTING S.R.L.\" srcset=\"https:\/\/asapd.ro\/wp-content\/uploads\/2023\/03\/S.C.-SIWO-PROIECTING-S.R.L..webp 300w, https:\/\/asapd.ro\/wp-content\/uploads\/2023\/03\/S.C.-SIWO-PROIECTING-S.R.L.-18x6.webp 18w\" sizes=\"(max-width: 300px) 100vw, 300px\" \/>\t\t\t\t\t\t\t\t\t\t\t\t\t<\/div>\n\t\t\t\t<\/div>\n\t\t\t\t\t<\/div>\n\t\t<\/div>\n\t\t\t\t<div class=\"elementor-column elementor-col-25 elementor-top-column elementor-element elementor-element-4b83f32\" data-id=\"4b83f32\" data-element_type=\"column\">\n\t\t\t<div class=\"elementor-widget-wrap elementor-element-populated\">\n\t\t\t\t\t\t<div class=\"elementor-element elementor-element-941c903 elementor-widget elementor-widget-image\" data-id=\"941c903\" data-element_type=\"widget\" data-widget_type=\"image.default\">\n\t\t\t\t<div class=\"elementor-widget-container\">\n\t\t\t\t\t\t\t\t\t\t\t\t\t<img loading=\"lazy\" decoding=\"async\" width=\"300\" height=\"100\" src=\"https:\/\/asapd.ro\/wp-content\/uploads\/2023\/03\/S.C.-REXTON-GRUP-S.R.L..webp\" class=\"elementor-animation-grow attachment-large size-large wp-image-194\" alt=\"S.C. REXTON GRUP S.R.L.\" srcset=\"https:\/\/asapd.ro\/wp-content\/uploads\/2023\/03\/S.C.-REXTON-GRUP-S.R.L..webp 300w, https:\/\/asapd.ro\/wp-content\/uploads\/2023\/03\/S.C.-REXTON-GRUP-S.R.L.-18x6.webp 18w\" sizes=\"(max-width: 300px) 100vw, 300px\" \/>\t\t\t\t\t\t\t\t\t\t\t\t\t<\/div>\n\t\t\t\t<\/div>\n\t\t\t\t\t<\/div>\n\t\t<\/div>\n\t\t\t\t<div class=\"elementor-column elementor-col-25 elementor-top-column elementor-element elementor-element-4982872\" data-id=\"4982872\" data-element_type=\"column\">\n\t\t\t<div class=\"elementor-widget-wrap elementor-element-populated\">\n\t\t\t\t\t\t<div class=\"elementor-element elementor-element-4e681d2 elementor-widget elementor-widget-image\" data-id=\"4e681d2\" data-element_type=\"widget\" data-widget_type=\"image.default\">\n\t\t\t\t<div class=\"elementor-widget-container\">\n\t\t\t\t\t\t\t\t\t\t\t\t\t<img loading=\"lazy\" decoding=\"async\" width=\"300\" height=\"100\" src=\"https:\/\/asapd.ro\/wp-content\/uploads\/2023\/03\/S.C.-GENERAL-CONQUEST-S.R.L..webp\" class=\"elementor-animation-grow attachment-large size-large wp-image-193\" alt=\"S.C. GENERAL CONQUEST S.R.L.\" srcset=\"https:\/\/asapd.ro\/wp-content\/uploads\/2023\/03\/S.C.-GENERAL-CONQUEST-S.R.L..webp 300w, https:\/\/asapd.ro\/wp-content\/uploads\/2023\/03\/S.C.-GENERAL-CONQUEST-S.R.L.-18x6.webp 18w\" sizes=\"(max-width: 300px) 100vw, 300px\" \/>\t\t\t\t\t\t\t\t\t\t\t\t\t<\/div>\n\t\t\t\t<\/div>\n\t\t\t\t\t<\/div>\n\t\t<\/div>\n\t\t\t\t\t<\/div>\n\t\t<\/section>\n\t\t\t\t<section class=\"elementor-section elementor-top-section elementor-element elementor-element-571d939 elementor-section-boxed elementor-section-height-default elementor-section-height-default\" data-id=\"571d939\" data-element_type=\"section\" data-settings=\"{&quot;background_background&quot;:&quot;classic&quot;}\">\n\t\t\t\t\t\t<div class=\"elementor-container elementor-column-gap-default\">\n\t\t\t\t\t<div class=\"elementor-column elementor-col-50 elementor-top-column elementor-element elementor-element-c610fbc\" data-id=\"c610fbc\" data-element_type=\"column\">\n\t\t\t<div class=\"elementor-widget-wrap elementor-element-populated\">\n\t\t\t\t\t\t<div class=\"elementor-element elementor-element-0d4667f elementor-widget elementor-widget-heading\" data-id=\"0d4667f\" data-element_type=\"widget\" data-widget_type=\"heading.default\">\n\t\t\t\t<div class=\"elementor-widget-container\">\n\t\t\t<div class=\"elementor-heading-title elementor-size-default\">ABOUT ASAP.D<\/div>\t\t<\/div>\n\t\t\t\t<\/div>\n\t\t\t\t<div class=\"elementor-element elementor-element-f6b5642 elementor-widget elementor-widget-heading\" data-id=\"f6b5642\" data-element_type=\"widget\" data-widget_type=\"heading.default\">\n\t\t\t\t<div class=\"elementor-widget-container\">\n\t\t\t<h2 class=\"elementor-heading-title elementor-size-default translation-block\">Power through a <br>global community<\/h2>\t\t<\/div>\n\t\t\t\t<\/div>\n\t\t\t\t<div class=\"elementor-element elementor-element-d21f883 elementor-widget elementor-widget-text-editor\" data-id=\"d21f883\" data-element_type=\"widget\" data-widget_type=\"text-editor.default\">\n\t\t\t\t<div class=\"elementor-widget-container\">\n\t\t\t\t\t\t\t<p>Asocia\u021bia Antreprenori pentru Dezvoltare (ASAPD) is a community of entrepreneurs and Romanians from all over the world. We want to represent a link between civil society as a whole and state entities. Our program is to connect the Association and its members to the most feasible domestic and international business opportunities in various areas of activity. <br \/>Asocia\u021bia Antreprenori pentru Dezvoltare is intended to function as a flexible interface between entrepreneurs and public institutions in Romania, we are concerned with the needs and operating rigours of both social representatives. The Association has crystallized its vision of the development of Romanian society around the promotion and support of Romanian entrepreneurs and Romanians abroad, creating an active and impactful community, bringing together all those who, like us, believe in the chances of development of Romanian society, by supporting and promoting Romanians abroad. <br \/>We strongly believe in the fundamental values of society and we believe that together and only by actively participating we can facilitate progress towards building a better and more efficient society.<\/p>\t\t\t\t\t\t<\/div>\n\t\t\t\t<\/div>\n\t\t\t\t\t<\/div>\n\t\t<\/div>\n\t\t\t\t<div class=\"elementor-column elementor-col-50 elementor-top-column elementor-element elementor-element-a928ba5\" data-id=\"a928ba5\" data-element_type=\"column\">\n\t\t\t<div class=\"elementor-widget-wrap elementor-element-populated\">\n\t\t\t\t\t\t<div class=\"elementor-element elementor-element-3025abc elementor-widget elementor-widget-image\" data-id=\"3025abc\" data-element_type=\"widget\" data-widget_type=\"image.default\">\n\t\t\t\t<div class=\"elementor-widget-container\">\n\t\t\t\t\t\t\t\t\t\t\t\t\t<img loading=\"lazy\" decoding=\"async\" width=\"595\" height=\"555\" src=\"https:\/\/asapd.ro\/wp-content\/uploads\/2023\/03\/Untitled-design-2.webp\" class=\"attachment-large size-large wp-image-317\" alt=\"despre noi\" srcset=\"https:\/\/asapd.ro\/wp-content\/uploads\/2023\/03\/Untitled-design-2.webp 595w, https:\/\/asapd.ro\/wp-content\/uploads\/2023\/03\/Untitled-design-2-300x280.webp 300w, https:\/\/asapd.ro\/wp-content\/uploads\/2023\/03\/Untitled-design-2-13x12.webp 13w\" sizes=\"(max-width: 595px) 100vw, 595px\" \/>\t\t\t\t\t\t\t\t\t\t\t\t\t<\/div>\n\t\t\t\t<\/div>\n\t\t\t\t\t<\/div>\n\t\t<\/div>\n\t\t\t\t\t<\/div>\n\t\t<\/section>\n\t\t\t\t<\/div>","protected":false},"excerpt":{"rendered":"<p>ASOCIA\u021aIA ANTREPRENORI PENTRU DEZVOLTARE Despre Noi Construirea unei Rom\u00e2nii mai puternice Lupt\u00e2nd pentru o dezvoltare pozitiv\u0103 \u00een Rom\u00e2nia din 2019 Ca societatate civil\u0103 responsabil\u0103, cu to\u021bii suntem datori s\u0103 intervenim pentru dezvoltarea \u0219i \u00eembun\u0103t\u0103\u021birea conceptului de organizare \u0219i colaborare eficient\u0103 \u00een rela\u021bia cu institu\u021biile publice Doneaz\u0103 Acum Cooperarea european\u0103 \u0219i transatlantic\u0103 Asocia\u021bia ASAP.D promoveaz\u0103 cooperarea [&hellip;]<\/p>","protected":false},"author":1,"featured_media":0,"parent":0,"menu_order":0,"comment_status":"closed","ping_status":"closed","template":"","meta":{"footnotes":""},"class_list":["post-114","page","type-page","status-publish","hentry"],"_links":{"self":[{"href":"https:\/\/asapd.ro\/en\/wp-json\/wp\/v2\/pages\/114","targetHints":{"allow":["GET"]}}],"collection":[{"href":"https:\/\/asapd.ro\/en\/wp-json\/wp\/v2\/pages"}],"about":[{"href":"https:\/\/asapd.ro\/en\/wp-json\/wp\/v2\/types\/page"}],"author":[{"embeddable":true,"href":"https:\/\/asapd.ro\/en\/wp-json\/wp\/v2\/users\/1"}],"replies":[{"embeddable":true,"href":"https:\/\/asapd.ro\/en\/wp-json\/wp\/v2\/comments?post=114"}],"version-history":[{"count":32,"href":"https:\/\/asapd.ro\/en\/wp-json\/wp\/v2\/pages\/114\/revisions"}],"predecessor-version":[{"id":362,"href":"https:\/\/asapd.ro\/en\/wp-json\/wp\/v2\/pages\/114\/revisions\/362"}],"wp:attachment":[{"href":"https:\/\/asapd.ro\/en\/wp-json\/wp\/v2\/media?parent=114"}],"curies":[{"name":"wp","href":"https:\/\/api.w.org\/{rel}","templated":true}]}}