{"id":118,"date":"2023-03-17T12:31:34","date_gmt":"2023-03-17T12:31:34","guid":{"rendered":"https:\/\/asapd.ro\/?page_id=118"},"modified":"2023-03-21T14:03:51","modified_gmt":"2023-03-21T12:03:51","slug":"rapoarte","status":"publish","type":"page","link":"https:\/\/asapd.ro\/en\/rapoarte\/","title":{"rendered":"Reports"},"content":{"rendered":"<div data-elementor-type=\"wp-page\" data-elementor-id=\"118\" class=\"elementor elementor-118\" data-elementor-post-type=\"page\">\n\t\t\t\t\t\t<section class=\"elementor-section elementor-top-section elementor-element elementor-element-bdb479a elementor-section-boxed elementor-section-height-default elementor-section-height-default\" data-id=\"bdb479a\" data-element_type=\"section\">\n\t\t\t\t\t\t<div class=\"elementor-container elementor-column-gap-default\">\n\t\t\t\t\t<div class=\"elementor-column elementor-col-100 elementor-top-column elementor-element elementor-element-e2d4086\" data-id=\"e2d4086\" data-element_type=\"column\">\n\t\t\t<div class=\"elementor-widget-wrap elementor-element-populated\">\n\t\t\t\t\t\t<div class=\"elementor-element elementor-element-f842b6c elementor-widget elementor-widget-heading\" data-id=\"f842b6c\" data-element_type=\"widget\" data-widget_type=\"heading.default\">\n\t\t\t\t<div class=\"elementor-widget-container\">\n\t\t\t<style>\/*! elementor - v3.19.0 - 29-01-2024 *\/\n.elementor-heading-title{padding:0;margin:0;line-height:1}.elementor-widget-heading .elementor-heading-title[class*=elementor-size-]>a{color:inherit;font-size:inherit;line-height:inherit}.elementor-widget-heading .elementor-heading-title.elementor-size-small{font-size:15px}.elementor-widget-heading .elementor-heading-title.elementor-size-medium{font-size:19px}.elementor-widget-heading .elementor-heading-title.elementor-size-large{font-size:29px}.elementor-widget-heading .elementor-heading-title.elementor-size-xl{font-size:39px}.elementor-widget-heading .elementor-heading-title.elementor-size-xxl{font-size:59px}<\/style><h2 class=\"elementor-heading-title elementor-size-default translation-block\">Annual Reports<br> Asocia\u021bia Antreprenori pentru Dezvoltare<\/h2>\t\t<\/div>\n\t\t\t\t<\/div>\n\t\t\t\t<div class=\"elementor-element elementor-element-b75c2e4 elementor-widget__width-initial elementor-widget elementor-widget-text-editor\" data-id=\"b75c2e4\" data-element_type=\"widget\" data-widget_type=\"text-editor.default\">\n\t\t\t\t<div class=\"elementor-widget-container\">\n\t\t\t<style>\/*! elementor - v3.19.0 - 29-01-2024 *\/\n.elementor-widget-text-editor.elementor-drop-cap-view-stacked .elementor-drop-cap{background-color:#69727d;color:#fff}.elementor-widget-text-editor.elementor-drop-cap-view-framed .elementor-drop-cap{color:#69727d;border:3px solid;background-color:transparent}.elementor-widget-text-editor:not(.elementor-drop-cap-view-default) .elementor-drop-cap{margin-top:8px}.elementor-widget-text-editor:not(.elementor-drop-cap-view-default) .elementor-drop-cap-letter{width:1em;height:1em}.elementor-widget-text-editor .elementor-drop-cap{float:left;text-align:center;line-height:1;font-size:50px}.elementor-widget-text-editor .elementor-drop-cap-letter{display:inline-block}<\/style>\t\t\t\t<p>The Association publishes annual reports to provide transparency and accountability to its members, stakeholders and the public. These reports provide a comprehensive overview of the Association's activities and their impact on the economic, social and civic development of Romanian society. By sharing this information, the Association demonstrates its commitment to good governance practices and its dedication to fulfilling its mission in a responsible and sustainable manner. The Annual Reports also provide valuable information about the Association's achievements, challenges and opportunities for growth and serve as a roadmap for future initiatives and strategies. Reports are only available in Romanian.<\/p>\t\t\t\t\t\t<\/div>\n\t\t\t\t<\/div>\n\t\t\t\t<section class=\"elementor-section elementor-inner-section elementor-element elementor-element-5a2587c elementor-section-full_width elementor-section-height-default elementor-section-height-default\" data-id=\"5a2587c\" data-element_type=\"section\">\n\t\t\t\t\t\t<div class=\"elementor-container elementor-column-gap-extended\">\n\t\t\t\t\t<div class=\"elementor-column elementor-col-33 elementor-inner-column elementor-element elementor-element-f1ca5b6\" data-id=\"f1ca5b6\" data-element_type=\"column\">\n\t\t\t<div class=\"elementor-widget-wrap elementor-element-populated\">\n\t\t\t\t\t\t<div class=\"elementor-element elementor-element-fe98726 elementor-widget elementor-widget-image\" data-id=\"fe98726\" data-element_type=\"widget\" data-widget_type=\"image.default\">\n\t\t\t\t<div class=\"elementor-widget-container\">\n\t\t\t<style>\/*! elementor - v3.19.0 - 29-01-2024 *\/\n.elementor-widget-image{text-align:center}.elementor-widget-image a{display:inline-block}.elementor-widget-image a img[src$=\".svg\"]{width:48px}.elementor-widget-image img{vertical-align:middle;display:inline-block}<\/style>\t\t\t\t\t\t\t\t\t\t\t<a href=\"https:\/\/asapd.ro\/en\/rapoarte\/anul-2023\/\">\n\t\t\t\t\t\t\t<img fetchpriority=\"high\" decoding=\"async\" width=\"430\" height=\"430\" src=\"https:\/\/asapd.ro\/wp-content\/uploads\/2023\/03\/RAPOARTE-2023.webp\" class=\"elementor-animation-grow attachment-large size-large wp-image-240\" alt=\"Intersec\u021bia dintre dezvoltarea social\u0103, economic\u0103 \u0219i civic\u0103\" srcset=\"https:\/\/asapd.ro\/wp-content\/uploads\/2023\/03\/RAPOARTE-2023.webp 430w, https:\/\/asapd.ro\/wp-content\/uploads\/2023\/03\/RAPOARTE-2023-300x300.webp 300w, https:\/\/asapd.ro\/wp-content\/uploads\/2023\/03\/RAPOARTE-2023-150x150.webp 150w, https:\/\/asapd.ro\/wp-content\/uploads\/2023\/03\/RAPOARTE-2023-12x12.webp 12w\" sizes=\"(max-width: 430px) 100vw, 430px\" \/>\t\t\t\t\t\t\t\t<\/a>\n\t\t\t\t\t\t\t\t\t\t\t\t\t<\/div>\n\t\t\t\t<\/div>\n\t\t\t\t<div class=\"elementor-element elementor-element-a020929 elementor-widget elementor-widget-image\" data-id=\"a020929\" data-element_type=\"widget\" data-widget_type=\"image.default\">\n\t\t\t\t<div class=\"elementor-widget-container\">\n\t\t\t\t\t\t\t\t\t\t\t\t\t\t<a href=\"https:\/\/asapd.ro\/en\/rapoarte\/anul-2020\/\">\n\t\t\t\t\t\t\t<img decoding=\"async\" width=\"430\" height=\"430\" src=\"https:\/\/asapd.ro\/wp-content\/uploads\/2023\/03\/RAPOARTE-2020.webp\" class=\"elementor-animation-grow attachment-large size-large wp-image-238\" alt=\"Intersec\u021bia dintre dezvoltarea social\u0103, economic\u0103 \u0219i civic\u0103\" srcset=\"https:\/\/asapd.ro\/wp-content\/uploads\/2023\/03\/RAPOARTE-2020.webp 430w, https:\/\/asapd.ro\/wp-content\/uploads\/2023\/03\/RAPOARTE-2020-300x300.webp 300w, https:\/\/asapd.ro\/wp-content\/uploads\/2023\/03\/RAPOARTE-2020-150x150.webp 150w, https:\/\/asapd.ro\/wp-content\/uploads\/2023\/03\/RAPOARTE-2020-12x12.webp 12w\" sizes=\"(max-width: 430px) 100vw, 430px\" \/>\t\t\t\t\t\t\t\t<\/a>\n\t\t\t\t\t\t\t\t\t\t\t\t\t<\/div>\n\t\t\t\t<\/div>\n\t\t\t\t\t<\/div>\n\t\t<\/div>\n\t\t\t\t<div class=\"elementor-column elementor-col-33 elementor-inner-column elementor-element elementor-element-41ed3ec\" data-id=\"41ed3ec\" data-element_type=\"column\">\n\t\t\t<div class=\"elementor-widget-wrap elementor-element-populated\">\n\t\t\t\t\t\t<div class=\"elementor-element elementor-element-51fe730 elementor-widget elementor-widget-image\" data-id=\"51fe730\" data-element_type=\"widget\" data-widget_type=\"image.default\">\n\t\t\t\t<div class=\"elementor-widget-container\">\n\t\t\t\t\t\t\t\t\t\t\t\t\t\t<a href=\"https:\/\/asapd.ro\/en\/rapoarte\/anul-2022\/\">\n\t\t\t\t\t\t\t<img decoding=\"async\" width=\"430\" height=\"430\" src=\"https:\/\/asapd.ro\/wp-content\/uploads\/2023\/03\/RAPOARTE-2022.webp\" class=\"elementor-animation-grow attachment-large size-large wp-image-241\" alt=\"Intersec\u021bia dintre dezvoltarea social\u0103, economic\u0103 \u0219i civic\u0103\" srcset=\"https:\/\/asapd.ro\/wp-content\/uploads\/2023\/03\/RAPOARTE-2022.webp 430w, https:\/\/asapd.ro\/wp-content\/uploads\/2023\/03\/RAPOARTE-2022-300x300.webp 300w, https:\/\/asapd.ro\/wp-content\/uploads\/2023\/03\/RAPOARTE-2022-150x150.webp 150w, https:\/\/asapd.ro\/wp-content\/uploads\/2023\/03\/RAPOARTE-2022-12x12.webp 12w\" sizes=\"(max-width: 430px) 100vw, 430px\" \/>\t\t\t\t\t\t\t\t<\/a>\n\t\t\t\t\t\t\t\t\t\t\t\t\t<\/div>\n\t\t\t\t<\/div>\n\t\t\t\t<div class=\"elementor-element elementor-element-07d1db7 elementor-widget elementor-widget-image\" data-id=\"07d1db7\" data-element_type=\"widget\" data-widget_type=\"image.default\">\n\t\t\t\t<div class=\"elementor-widget-container\">\n\t\t\t\t\t\t\t\t\t\t\t\t\t\t<a href=\"https:\/\/asapd.ro\/en\/rapoarte\/anul-2019\/\">\n\t\t\t\t\t\t\t<img loading=\"lazy\" decoding=\"async\" width=\"430\" height=\"430\" src=\"https:\/\/asapd.ro\/wp-content\/uploads\/2023\/03\/RAPOARTE-2019.webp\" class=\"elementor-animation-grow attachment-large size-large wp-image-237\" alt=\"Intersec\u021bia dintre dezvoltarea social\u0103, economic\u0103 \u0219i civic\u0103\" srcset=\"https:\/\/asapd.ro\/wp-content\/uploads\/2023\/03\/RAPOARTE-2019.webp 430w, https:\/\/asapd.ro\/wp-content\/uploads\/2023\/03\/RAPOARTE-2019-300x300.webp 300w, https:\/\/asapd.ro\/wp-content\/uploads\/2023\/03\/RAPOARTE-2019-150x150.webp 150w, https:\/\/asapd.ro\/wp-content\/uploads\/2023\/03\/RAPOARTE-2019-12x12.webp 12w\" sizes=\"(max-width: 430px) 100vw, 430px\" \/>\t\t\t\t\t\t\t\t<\/a>\n\t\t\t\t\t\t\t\t\t\t\t\t\t<\/div>\n\t\t\t\t<\/div>\n\t\t\t\t\t<\/div>\n\t\t<\/div>\n\t\t\t\t<div class=\"elementor-column elementor-col-33 elementor-inner-column elementor-element elementor-element-c5759e5\" data-id=\"c5759e5\" data-element_type=\"column\">\n\t\t\t<div class=\"elementor-widget-wrap elementor-element-populated\">\n\t\t\t\t\t\t<div class=\"elementor-element elementor-element-527a0bd elementor-widget elementor-widget-image\" data-id=\"527a0bd\" data-element_type=\"widget\" data-widget_type=\"image.default\">\n\t\t\t\t<div class=\"elementor-widget-container\">\n\t\t\t\t\t\t\t\t\t\t\t\t\t\t<a href=\"https:\/\/asapd.ro\/en\/rapoarte\/anul-2021\/\">\n\t\t\t\t\t\t\t<img loading=\"lazy\" decoding=\"async\" width=\"430\" height=\"430\" src=\"https:\/\/asapd.ro\/wp-content\/uploads\/2023\/03\/RAPOARTE-2021.webp\" class=\"elementor-animation-grow attachment-large size-large wp-image-239\" alt=\"Intersec\u021bia dintre dezvoltarea social\u0103, economic\u0103 \u0219i civic\u0103\" srcset=\"https:\/\/asapd.ro\/wp-content\/uploads\/2023\/03\/RAPOARTE-2021.webp 430w, https:\/\/asapd.ro\/wp-content\/uploads\/2023\/03\/RAPOARTE-2021-300x300.webp 300w, https:\/\/asapd.ro\/wp-content\/uploads\/2023\/03\/RAPOARTE-2021-150x150.webp 150w, https:\/\/asapd.ro\/wp-content\/uploads\/2023\/03\/RAPOARTE-2021-12x12.webp 12w\" sizes=\"(max-width: 430px) 100vw, 430px\" \/>\t\t\t\t\t\t\t\t<\/a>\n\t\t\t\t\t\t\t\t\t\t\t\t\t<\/div>\n\t\t\t\t<\/div>\n\t\t\t\t\t<\/div>\n\t\t<\/div>\n\t\t\t\t\t<\/div>\n\t\t<\/section>\n\t\t\t\t\t<\/div>\n\t\t<\/div>\n\t\t\t\t\t<\/div>\n\t\t<\/section>\n\t\t\t\t<\/div>","protected":false},"excerpt":{"rendered":"<p>Rapoarte Anuale Asocia\u021bia Antreprenori pentru Dezvoltare Asocia\u021bia public\u0103 rapoarte anuale pentru a oferi transparen\u021b\u0103 \u0219i responsabilitate membrilor s\u0103i, p\u0103r\u021bilor interesate \u0219i publicului. Aceste rapoarte ofer\u0103 o imagine de ansamblu cuprinz\u0103toare a activit\u0103\u021bilor Asocia\u021biei \u0219i a impactului acesteia asupra dezvolt\u0103rii economice, sociale \u0219i civice a societ\u0103\u021bii rom\u00e2ne\u0219ti. Prin \u00eemp\u0103rt\u0103\u0219irea acestor informa\u021bii, Asocia\u021bia \u00ee\u0219i demonstreaz\u0103 angajamentul fa\u021b\u0103 [&hellip;]<\/p>","protected":false},"author":1,"featured_media":0,"parent":0,"menu_order":0,"comment_status":"closed","ping_status":"closed","template":"","meta":{"footnotes":""},"class_list":["post-118","page","type-page","status-publish","hentry"],"_links":{"self":[{"href":"https:\/\/asapd.ro\/en\/wp-json\/wp\/v2\/pages\/118","targetHints":{"allow":["GET"]}}],"collection":[{"href":"https:\/\/asapd.ro\/en\/wp-json\/wp\/v2\/pages"}],"about":[{"href":"https:\/\/asapd.ro\/en\/wp-json\/wp\/v2\/types\/page"}],"author":[{"embeddable":true,"href":"https:\/\/asapd.ro\/en\/wp-json\/wp\/v2\/users\/1"}],"replies":[{"embeddable":true,"href":"https:\/\/asapd.ro\/en\/wp-json\/wp\/v2\/comments?post=118"}],"version-history":[{"count":13,"href":"https:\/\/asapd.ro\/en\/wp-json\/wp\/v2\/pages\/118\/revisions"}],"predecessor-version":[{"id":257,"href":"https:\/\/asapd.ro\/en\/wp-json\/wp\/v2\/pages\/118\/revisions\/257"}],"wp:attachment":[{"href":"https:\/\/asapd.ro\/en\/wp-json\/wp\/v2\/media?parent=118"}],"curies":[{"name":"wp","href":"https:\/\/api.w.org\/{rel}","templated":true}]}}