{"id":122,"date":"2023-03-17T12:33:58","date_gmt":"2023-03-17T12:33:58","guid":{"rendered":"https:\/\/asapd.ro\/?page_id=122"},"modified":"2023-03-27T19:19:14","modified_gmt":"2023-03-27T16:19:14","slug":"termeni-si-conditii","status":"publish","type":"page","link":"https:\/\/asapd.ro\/en\/termeni-si-conditii\/","title":{"rendered":"Terms &amp; Conditions"},"content":{"rendered":"<div data-elementor-type=\"wp-page\" data-elementor-id=\"122\" class=\"elementor elementor-122\" data-elementor-post-type=\"page\">\n\t\t\t\t\t\t<section class=\"elementor-section elementor-top-section elementor-element elementor-element-3e5f4ea elementor-section-boxed elementor-section-height-default elementor-section-height-default\" data-id=\"3e5f4ea\" data-element_type=\"section\">\n\t\t\t\t\t\t<div class=\"elementor-container elementor-column-gap-default\">\n\t\t\t\t\t<div class=\"elementor-column elementor-col-100 elementor-top-column elementor-element elementor-element-5d2e492\" data-id=\"5d2e492\" data-element_type=\"column\">\n\t\t\t<div class=\"elementor-widget-wrap elementor-element-populated\">\n\t\t\t\t\t\t<div class=\"elementor-element elementor-element-b1895aa elementor-widget elementor-widget-heading\" data-id=\"b1895aa\" data-element_type=\"widget\" data-widget_type=\"heading.default\">\n\t\t\t\t<div class=\"elementor-widget-container\">\n\t\t\t<style>\/*! elementor - v3.19.0 - 29-01-2024 *\/\n.elementor-heading-title{padding:0;margin:0;line-height:1}.elementor-widget-heading .elementor-heading-title[class*=elementor-size-]>a{color:inherit;font-size:inherit;line-height:inherit}.elementor-widget-heading .elementor-heading-title.elementor-size-small{font-size:15px}.elementor-widget-heading .elementor-heading-title.elementor-size-medium{font-size:19px}.elementor-widget-heading .elementor-heading-title.elementor-size-large{font-size:29px}.elementor-widget-heading .elementor-heading-title.elementor-size-xl{font-size:39px}.elementor-widget-heading .elementor-heading-title.elementor-size-xxl{font-size:59px}<\/style><div class=\"elementor-heading-title elementor-size-default\">ASOCIA\u021aIA ANTREPRENORI PENTRU DEZVOLTARE<\/div>\t\t<\/div>\n\t\t\t\t<\/div>\n\t\t\t\t<div class=\"elementor-element elementor-element-671452b elementor-widget elementor-widget-heading\" data-id=\"671452b\" data-element_type=\"widget\" data-widget_type=\"heading.default\">\n\t\t\t\t<div class=\"elementor-widget-container\">\n\t\t\t<h1 class=\"elementor-heading-title elementor-size-default\">Terms &amp; Conditions for the ASAP.D Website \n<\/h1>\t\t<\/div>\n\t\t\t\t<\/div>\n\t\t\t\t\t<\/div>\n\t\t<\/div>\n\t\t\t\t\t<\/div>\n\t\t<\/section>\n\t\t\t\t<section class=\"elementor-section elementor-top-section elementor-element elementor-element-b6e3920 elementor-section-boxed elementor-section-height-default elementor-section-height-default\" data-id=\"b6e3920\" data-element_type=\"section\">\n\t\t\t\t\t\t<div class=\"elementor-container elementor-column-gap-default\">\n\t\t\t\t\t<div class=\"elementor-column elementor-col-100 elementor-top-column elementor-element elementor-element-51dfaa6\" data-id=\"51dfaa6\" data-element_type=\"column\">\n\t\t\t<div class=\"elementor-widget-wrap elementor-element-populated\">\n\t\t\t\t\t\t<div class=\"elementor-element elementor-element-341826c elementor-widget elementor-widget-text-editor\" data-id=\"341826c\" data-element_type=\"widget\" data-widget_type=\"text-editor.default\">\n\t\t\t\t<div class=\"elementor-widget-container\">\n\t\t\t<style>\/*! elementor - v3.19.0 - 29-01-2024 *\/\n.elementor-widget-text-editor.elementor-drop-cap-view-stacked .elementor-drop-cap{background-color:#69727d;color:#fff}.elementor-widget-text-editor.elementor-drop-cap-view-framed .elementor-drop-cap{color:#69727d;border:3px solid;background-color:transparent}.elementor-widget-text-editor:not(.elementor-drop-cap-view-default) .elementor-drop-cap{margin-top:8px}.elementor-widget-text-editor:not(.elementor-drop-cap-view-default) .elementor-drop-cap-letter{width:1em;height:1em}.elementor-widget-text-editor .elementor-drop-cap{float:left;text-align:center;line-height:1;font-size:50px}.elementor-widget-text-editor .elementor-drop-cap-letter{display:inline-block}<\/style>\t\t\t\t<p class=\" translation-block\">Welcome to the ASAP.D website (the \"Site\"), owned and operated by <strong>ASPAD BUSINESS ASSOCIATION FOR DEVELOPMENT<\/strong> (\"ASAPD\", \"we\", \"us\", or \"our\"). These terms and conditions (\"Terms\") govern your use of the Site, as well as any content, features, functionality and services offered through the Site.<\/p><p>By accessing or using the Site, you agree to be bound by these Terms. If you do not agree to these Terms, you should not use the Site. We reserve the right, in our sole discretion, to modify, add or remove portions of these Terms at any time. It is your responsibility to periodically check these Terms for changes.<\/p><p><strong>Your continued use of the Site following the posting of changes will mean that you accept and agree to the changes.<br> Terms &amp; Conditions are only available in Romanian<\/strong><\/p>\t\t\t\t\t\t<\/div>\n\t\t\t\t<\/div>\n\t\t\t\t<div class=\"elementor-element elementor-element-2c01626 elementor-widget elementor-widget-heading\" data-id=\"2c01626\" data-element_type=\"widget\" data-widget_type=\"heading.default\">\n\t\t\t\t<div class=\"elementor-widget-container\">\n\t\t\t<h2 class=\"elementor-heading-title elementor-size-default\">Utilizarea site-ului \n<\/h2>\t\t<\/div>\n\t\t\t\t<\/div>\n\t\t\t\t<div class=\"elementor-element elementor-element-411a7ac elementor-widget elementor-widget-text-editor\" data-id=\"411a7ac\" data-element_type=\"widget\" data-widget_type=\"text-editor.default\">\n\t\t\t\t<div class=\"elementor-widget-container\">\n\t\t\t\t\t\t\t<p><strong>Pute\u021bi utiliza Site-ul numai \u00een scopuri legale \u0219i \u00een conformitate cu ace\u0219ti Termeni. <\/strong><\/p><p>Sunte\u021bi de acord s\u0103 nu utiliza\u021bi Site-ul:<\/p><p>\u00cen orice mod care \u00eencalc\u0103 orice lege sau regulament federal, statal, local sau interna\u021bional aplicabil;<\/p><p>\u00cen scopul exploat\u0103rii, v\u0103t\u0103m\u0103rii sau \u00eencerc\u0103rii de a exploata sau v\u0103t\u0103ma minorii \u00een vreun fel, prin expunerea acestora la un con\u021binut inadecvat, prin solicitarea de informa\u021bii de identificare personal\u0103 sau \u00een orice alt mod;<\/p><p>Pentru a transmite sau pentru a asigura trimiterea de materiale publicitare sau promo\u021bionale, inclusiv &#8222;junk mail&#8221;, &#8222;scrisori \u00een lan\u021b&#8221;, &#8222;spam&#8221; sau orice alt\u0103 solicitare similar\u0103;<\/p><p>s\u0103 v\u0103 da\u021bi drept persoan\u0103 sau s\u0103 \u00eencerca\u021bi s\u0103 v\u0103 da\u021bi drept ASAPD, un angajat al ASAPD, un alt utilizator sau orice alt\u0103 persoan\u0103 sau entitate;<\/p><p>Pentru a v\u0103 angaja \u00een orice alt comportament care restric\u021bioneaz\u0103 sau inhib\u0103 utilizarea sau utilizarea de c\u0103tre oricine a Site-ului sau care, dup\u0103 cum am stabilit, poate d\u0103una ASAPD sau utilizatorilor Site-ului sau \u00eei poate expune la r\u0103spundere.<\/p>\t\t\t\t\t\t<\/div>\n\t\t\t\t<\/div>\n\t\t\t\t<div class=\"elementor-element elementor-element-09cbc32 elementor-widget elementor-widget-heading\" data-id=\"09cbc32\" data-element_type=\"widget\" data-widget_type=\"heading.default\">\n\t\t\t\t<div class=\"elementor-widget-container\">\n\t\t\t<h2 class=\"elementor-heading-title elementor-size-default\">Privacy Policy \n<\/h2>\t\t<\/div>\n\t\t\t\t<\/div>\n\t\t\t\t<div class=\"elementor-element elementor-element-88a7794 elementor-widget elementor-widget-text-editor\" data-id=\"88a7794\" data-element_type=\"widget\" data-widget_type=\"text-editor.default\">\n\t\t\t\t<div class=\"elementor-widget-container\">\n\t\t\t\t\t\t\t<p>Utilizarea de c\u0103tre dvs. a site-ului este, de asemenea, reglementat\u0103 de Politica de confiden\u021bialitate, care este \u00eencorporat\u0103 prin trimitere \u00een ace\u0219ti Termeni. Politica noastr\u0103 de confiden\u021bialitate poate fi g\u0103sit\u0103 f\u0103c\u00e2nd clic pe <span style=\"color: #07090e;\"><a style=\"color: #07090e;\" href=\"https:\/\/asapd.ro\/en\/politica-de-confidentialitate\/\" target=\"_blank\" rel=\"noopener\"><strong>Privacy Policy<\/strong><\/a><\/span>.<\/p>\t\t\t\t\t\t<\/div>\n\t\t\t\t<\/div>\n\t\t\t\t<div class=\"elementor-element elementor-element-1d0a788 elementor-widget elementor-widget-heading\" data-id=\"1d0a788\" data-element_type=\"widget\" data-widget_type=\"heading.default\">\n\t\t\t\t<div class=\"elementor-widget-container\">\n\t\t\t<h2 class=\"elementor-heading-title elementor-size-default\">Declara\u021bia de accesibilitate \n<\/h2>\t\t<\/div>\n\t\t\t\t<\/div>\n\t\t\t\t<div class=\"elementor-element elementor-element-77020c4 elementor-widget elementor-widget-text-editor\" data-id=\"77020c4\" data-element_type=\"widget\" data-widget_type=\"text-editor.default\">\n\t\t\t\t<div class=\"elementor-widget-container\">\n\t\t\t\t\t\t\t<p>ASAPD se angajeaz\u0103 s\u0103 se asigure c\u0103 site-ul nostru este accesibil tuturor utilizatorilor. Declara\u021bia noastr\u0103 de accesibilitate poate fi g\u0103sit\u0103 f\u0103c\u00e2nd clic pe <span style=\"color: #07090e;\"><strong><a style=\"color: #07090e;\" href=\"https:\/\/asapd.ro\/en\/politica-de-accesibilitate\/\" target=\"_blank\" rel=\"noopener\">Declara\u021bie de accesibilitate<\/a><\/strong><\/span>.<\/p>\t\t\t\t\t\t<\/div>\n\t\t\t\t<\/div>\n\t\t\t\t<div class=\"elementor-element elementor-element-1cdeca6 elementor-widget elementor-widget-heading\" data-id=\"1cdeca6\" data-element_type=\"widget\" data-widget_type=\"heading.default\">\n\t\t\t\t<div class=\"elementor-widget-container\">\n\t\t\t<h2 class=\"elementor-heading-title elementor-size-default\">Drepturile de proprietate intelectual\u0103 \n<\/h2>\t\t<\/div>\n\t\t\t\t<\/div>\n\t\t\t\t<div class=\"elementor-element elementor-element-45ea943 elementor-widget elementor-widget-text-editor\" data-id=\"45ea943\" data-element_type=\"widget\" data-widget_type=\"text-editor.default\">\n\t\t\t\t<div class=\"elementor-widget-container\">\n\t\t\t\t\t\t\t<p>Site-ul \u0219i \u00eentregul s\u0103u con\u021binut, caracteristicile \u0219i func\u021bionalitatea, inclusiv, dar f\u0103r\u0103 a se limita la toate informa\u021biile, software-ul, textele, afi\u0219ajele, imaginile, materialele video \u0219i audio, precum \u0219i proiectarea, selec\u021bia \u0219i aranjarea acestora, sunt de\u021binute de ASAPD, de licen\u021biatorii s\u0103i sau de al\u021bi furnizori de astfel de materiale \u0219i sunt protejate de legile americane, europene, rom\u00e2ne\u0219ti \u0219i interna\u021bionale privind drepturile de autor, m\u0103rcile comerciale, brevetele, secretele comerciale \u0219i alte drepturi de proprietate intelectual\u0103 sau de proprietate.<\/p><p>Ace\u0219ti Termeni v\u0103 permit s\u0103 folosi\u021bi Site-ul doar pentru uz personal \u0219i necomercial. Nu trebuie s\u0103 reproduce\u021bi, distribui\u021bi, modifica\u021bi, crea\u021bi lucr\u0103ri derivate, afi\u0219a\u021bi public, executa\u021bi public, republica\u021bi, desc\u0103rca\u021bi, stoca\u021bi sau transmite\u021bi niciunul dintre materialele de pe Site, cu excep\u021bia urm\u0103toarelor:<\/p><p>Calculatorul dumneavoastr\u0103 poate stoca temporar copii ale acestor materiale \u00een memoria RAM, ocazionate de accesarea \u0219i vizualizarea acestor materiale. Pute\u021bi stoca fi\u0219iere care sunt stocate automat \u00een memoria cache de c\u0103tre browserul dvs. web \u00een scopul \u00eembun\u0103t\u0103\u021birii afi\u0219\u0103rii.<\/p><p>Pute\u021bi imprima sau desc\u0103rca o copie a unui num\u0103r rezonabil de pagini ale site-ului pentru uz personal, necomercial \u0219i nu pentru reproducere, publicare sau distribuire ulterioar\u0103.<\/p><p>\u00cen cazul \u00een care furniz\u0103m aplica\u021bii desktop, mobile sau alte aplica\u021bii pentru desc\u0103rcare, pute\u021bi desc\u0103rca o singur\u0103 copie pe computerul sau dispozitivul dvs. mobil numai pentru uz personal \u0219i necomercial, \u0219i nu pentru reproducere, publicare sau distribuire ulterioar\u0103.<\/p><p>\u00cen cazul \u00een care furniz\u0103m func\u021bii de social media cu un anumit con\u021binut, pute\u021bi \u00eentreprinde astfel de ac\u021biuni care sunt permise de aceste func\u021bii.<\/p><p>\u00cen cazul \u00een care oferim desc\u0103rc\u0103ri de software de pe site, dac\u0103 nu se prevede altfel, sunte\u021bi supus termenilor \u0219i condi\u021biilor suplimentare care \u00eenso\u021besc acest software. Nu trebuie s\u0103: S\u0103 modifica\u021bi copii ale oric\u0103ror materiale de pe acest site.<\/p><p>Folosi\u021bi orice ilustra\u021bii, fotografii, secven\u021be video sau audio sau orice alte elemente grafice separat de textul care le \u00eenso\u021be\u0219te. S\u0103 \u0219terge\u021bi sau s\u0103 modifica\u021bi orice notificare privind drepturile de autor, m\u0103rci comerciale sau alte drepturi de proprietate din copiile materialelor de pe acest site.<\/p><p>S\u0103 accesa\u021bi sau s\u0103 folosi\u021bi \u00een scopuri comerciale orice parte a site-ului sau orice servicii sau materiale disponibile prin intermediul site-ului. Dac\u0103 imprima\u021bi, copia\u021bi, modifica\u021bi, desc\u0103rca\u021bi sau utiliza\u021bi \u00een alt mod sau oferi\u021bi oric\u0103rei alte persoane acces la orice parte a site-ului prin \u00eenc\u0103lcarea Termenilor, dreptul dumneavoastr\u0103 de a utiliza site-ul va \u00eenceta imediat \u0219i trebuie, la alegerea noastr\u0103, s\u0103 returna\u021bi sau s\u0103 distruge\u021bi orice copii ale materialelor pe care le-a\u021bi f\u0103cut.<\/p><p>Orice utilizare neautorizat\u0103 poate \u00eenc\u0103lca, de asemenea, legile aplicabile, inclusiv, f\u0103r\u0103 a se limita la legile privind drepturile de autor \u0219i m\u0103rcile comerciale, precum \u0219i reglement\u0103rile \u0219i statutele aplicabile \u00een domeniul comunica\u021biilor.<\/p>\t\t\t\t\t\t<\/div>\n\t\t\t\t<\/div>\n\t\t\t\t<div class=\"elementor-element elementor-element-51a8e5e elementor-widget elementor-widget-heading\" data-id=\"51a8e5e\" data-element_type=\"widget\" data-widget_type=\"heading.default\">\n\t\t\t\t<div class=\"elementor-widget-container\">\n\t\t\t<h2 class=\"elementor-heading-title elementor-size-default\">M\u0103rci comerciale \n<\/h2>\t\t<\/div>\n\t\t\t\t<\/div>\n\t\t\t\t<div class=\"elementor-element elementor-element-37aaea2 elementor-widget elementor-widget-text-editor\" data-id=\"37aaea2\" data-element_type=\"widget\" data-widget_type=\"text-editor.default\">\n\t\t\t\t<div class=\"elementor-widget-container\">\n\t\t\t\t\t\t\t<p>ASAPD \u0219i logo-urile sale, toate denumirile de produse \u0219i servicii, toate elementele grafice, toate pictogramele de butoane \u0219i toate m\u0103rcile comerciale, m\u0103rcile de serviciu \u0219i logo-urile care apar pe site, dac\u0103 nu se specific\u0103 altfel, sunt m\u0103rci comerciale (\u00eenregistrate sau nu), m\u0103rci de serviciu \u0219i\/sau prezentare comercial\u0103 ale ASAPD (denumite &#8222;M\u0103rcile ASAPD&#8221;). Toate celelalte m\u0103rci comerciale, nume de produse, nume de companii, logo-uri, m\u0103rci de servicii \u0219i\/sau m\u0103rci comerciale men\u021bionate, afi\u0219ate, citate sau indicate \u00een alt mod \u00een cadrul Site-ului sunt proprietatea proprietarilor lor respectivi.<\/p><p>Nu sunte\u021bi autorizat s\u0103 afi\u0219a\u021bi sau s\u0103 utiliza\u021bi M\u0103rcile ASAPD \u00een niciun fel f\u0103r\u0103 permisiunea noastr\u0103 prealabil\u0103 scris\u0103.<\/p><p>Nu sunte\u021bi autorizat s\u0103 afi\u0219a\u021bi sau s\u0103 utiliza\u021bi m\u0103rci comerciale, nume de produse, nume de companii, logo-uri, m\u0103rci de servicii \u0219i\/sau adrese comerciale ale altor proprietari prezentate \u00een cadrul Site-ului f\u0103r\u0103 permisiunea scris\u0103 prealabil\u0103 a respectivilor proprietari.<\/p><p>Este strict interzis\u0103 utilizarea sau utilizarea abuziv\u0103 a M\u0103rcilor ASAPD sau a altor m\u0103rci comerciale, nume de produse, nume de companii, logo-uri, m\u0103rci de servicii \u0219i\/sau adrese comerciale afi\u0219ate pe Site sau a oric\u0103rui con\u021binut de pe Site, cu excep\u021bia celor prev\u0103zute \u00een mod expres \u00een ace\u0219ti Termeni.<\/p>\t\t\t\t\t\t<\/div>\n\t\t\t\t<\/div>\n\t\t\t\t<div class=\"elementor-element elementor-element-67bbbbc elementor-widget elementor-widget-heading\" data-id=\"67bbbbc\" data-element_type=\"widget\" data-widget_type=\"heading.default\">\n\t\t\t\t<div class=\"elementor-widget-container\">\n\t\t\t<h2 class=\"elementor-heading-title elementor-size-default\">Exonerarea de r\u0103spundere a garan\u021biilor \n<\/h2>\t\t<\/div>\n\t\t\t\t<\/div>\n\t\t\t\t<div class=\"elementor-element elementor-element-d1f2e8b elementor-widget elementor-widget-text-editor\" data-id=\"d1f2e8b\" data-element_type=\"widget\" data-widget_type=\"text-editor.default\">\n\t\t\t\t<div class=\"elementor-widget-container\">\n\t\t\t\t\t\t\t<p>Con\u021binutul, serviciile, produsele \u0219i materialele de pe site sunt furnizate &#8222;a\u0219a cum sunt&#8221; \u0219i &#8222;a\u0219a cum sunt disponibile&#8221;, f\u0103r\u0103 garan\u021bii de niciun fel, exprese sau implicite, inclusiv, dar f\u0103r\u0103 a se limita la garan\u021biile implicite de vandabilitate, adecvare la un anumit scop, nerespectare a drepturilor de autor sau de performan\u021b\u0103.<\/p><p>ASAPD nu garanteaz\u0103 c\u0103 con\u021binutul, serviciile, produsele sau materialele de pe site vor fi oportune, sigure, ne\u00eentrerupte sau f\u0103r\u0103 erori, c\u0103 defectele vor fi corectate sau c\u0103 site-ul, serverele sau orice e-mail trimis de ASAPD sunt lipsite de viru\u0219i sau alte componente d\u0103un\u0103toare.<\/p><p>ASAPD nu face nicio declara\u021bie sau garan\u021bie cu privire la acurate\u021bea, caracterul complet, fiabilitatea, adecvarea sau oportunitatea con\u021binutului, serviciilor, produselor sau materialelor de pe Site sau cu privire la rezultatele care vor fi ob\u021binute prin utilizarea Site-ului.<\/p><p><strong>Utilizarea de c\u0103tre dumneavoastr\u0103 a Site-ului, inclusiv a \u00eentregului con\u021binut, servicii, produse \u0219i materiale, se face pe propriul risc.<\/strong><\/p>\t\t\t\t\t\t<\/div>\n\t\t\t\t<\/div>\n\t\t\t\t<div class=\"elementor-element elementor-element-70c7e5f elementor-widget elementor-widget-heading\" data-id=\"70c7e5f\" data-element_type=\"widget\" data-widget_type=\"heading.default\">\n\t\t\t\t<div class=\"elementor-widget-container\">\n\t\t\t<h2 class=\"elementor-heading-title elementor-size-default\">Limitarea r\u0103spunderii \n<\/h2>\t\t<\/div>\n\t\t\t\t<\/div>\n\t\t\t\t<div class=\"elementor-element elementor-element-811488a elementor-widget elementor-widget-text-editor\" data-id=\"811488a\" data-element_type=\"widget\" data-widget_type=\"text-editor.default\">\n\t\t\t\t<div class=\"elementor-widget-container\">\n\t\t\t\t\t\t\t<p>\u00cen nici un caz ASAPD sau afilia\u021bii, licen\u021biatorii, furnizorii de servicii, angaja\u021bii, agen\u021bii, func\u021bionarii sau directorii s\u0103i nu vor fi r\u0103spunz\u0103tori pentru daune de orice fel, inclusiv, f\u0103r\u0103 limitare, daune directe, indirecte, accidentale, consecvente, speciale, punitive sau exemplare, care rezult\u0103 din sau \u00een leg\u0103tur\u0103 cu utilizarea sau incapacitatea de a utiliza site-ul, orice con\u021binut de pe Site, orice servicii, produse sau materiale furnizate sau achizi\u021bionate prin intermediul Site-ului sau orice site-uri sau resurse ale ter\u021bilor legate de sau de pe Site, inclusiv, dar f\u0103r\u0103 a se limita la, daune pentru pierderea profiturilor, a fondului comercial, a utiliz\u0103rii, a datelor sau a altor pierderi intangibile, chiar dac\u0103 ASAPD a fost avertizat\u0103 de posibilitatea unor astfel de daune.<\/p><p>Unele state nu permit excluderea sau limitarea anumitor daune, astfel \u00eenc\u00e2t este posibil ca limitarea sau excluderea de mai sus s\u0103 nu se aplice \u00een cazul dumneavoastr\u0103.<\/p>\t\t\t\t\t\t<\/div>\n\t\t\t\t<\/div>\n\t\t\t\t<div class=\"elementor-element elementor-element-e88d3ff elementor-widget elementor-widget-heading\" data-id=\"e88d3ff\" data-element_type=\"widget\" data-widget_type=\"heading.default\">\n\t\t\t\t<div class=\"elementor-widget-container\">\n\t\t\t<h2 class=\"elementor-heading-title elementor-size-default\">Desp\u0103gubire \n<\/h2>\t\t<\/div>\n\t\t\t\t<\/div>\n\t\t\t\t<div class=\"elementor-element elementor-element-853d475 elementor-widget elementor-widget-text-editor\" data-id=\"853d475\" data-element_type=\"widget\" data-widget_type=\"text-editor.default\">\n\t\t\t\t<div class=\"elementor-widget-container\">\n\t\t\t\t\t\t\t<p>Sunte\u021bi de acord s\u0103 ap\u0103ra\u021bi, s\u0103 desp\u0103gubi\u021bi \u0219i s\u0103 exonera\u021bi de r\u0103spundere ASAPD, afilia\u021bii s\u0103i, licen\u021biatorii \u0219i furnizorii de servicii, precum \u0219i func\u021bionarii, directorii, angaja\u021bii, contractorii, agen\u021bii, licen\u021biatorii, furnizorii, succesorii \u0219i cesionarii acestora de \u0219i \u00eempotriva oric\u0103ror reclama\u021bii, responsabilit\u0103\u021bi, daune, hot\u0103r\u00e2ri, premii, pierderi, costuri, cheltuieli, sau onorarii (inclusiv onorariile rezonabile ale avoca\u021bilor) care decurg din sau sunt legate de \u00eenc\u0103lcarea de c\u0103tre dvs. a acestor Termeni sau de utilizarea Site-ului, inclusiv, dar f\u0103r\u0103 a se limita la, orice utilizare a con\u021binutului, serviciilor, produselor sau materialelor Site-ului, alta dec\u00e2t cea autorizat\u0103 \u00een mod expres \u00een ace\u0219ti Termeni sau utilizarea de c\u0103tre dvs. a oric\u0103ror informa\u021bii ob\u021binute de pe Site.<\/p>\t\t\t\t\t\t<\/div>\n\t\t\t\t<\/div>\n\t\t\t\t<div class=\"elementor-element elementor-element-d0cbcf6 elementor-widget elementor-widget-heading\" data-id=\"d0cbcf6\" data-element_type=\"widget\" data-widget_type=\"heading.default\">\n\t\t\t\t<div class=\"elementor-widget-container\">\n\t\t\t<h2 class=\"elementor-heading-title elementor-size-default\">Detalii \u0219i informa\u021bii despre Asocia\u021bie\n<\/h2>\t\t<\/div>\n\t\t\t\t<\/div>\n\t\t\t\t<div class=\"elementor-element elementor-element-6518f2c elementor-widget elementor-widget-text-editor\" data-id=\"6518f2c\" data-element_type=\"widget\" data-widget_type=\"text-editor.default\">\n\t\t\t\t<div class=\"elementor-widget-container\">\n\t\t\t\t\t\t\t<p><strong>ASOCIA\u021aIA ANTREPRENORI PENTRU DEZVOLTARE<\/strong><\/p><p>Sediu: Bucure\u0219ti, sector 1, Calea Victoriei nr. 155, bl. D1, tronson 5, et. 2, Cam. A2;3, A2;4, A2;5,<\/p><p>av\u00e2nd personalitate juridic\u0103, \u00een temeiul OG 26\/2000, conform \u00cencheierii pronun\u021bat\u0103 \u00een camera de consiliu de aceast\u0103 instan\u021b\u0103 la data de 07.09.2016 \u00een dosarul nr. 34933\/299\/2016,<\/p><p>\u00eenregistrat\u0103 \u00een Registrul Asocia\u021biilor \u0219i Funda\u021biilor sub nr. 117\/22.09.2016, av\u00e2nd CIF 36638817<\/p><p>Email: office@asapd.ro<\/p><p>Site Web: www.asapd.ro<\/p><p>Presedinte: Nicolae Maria Magdalena<\/p>\t\t\t\t\t\t<\/div>\n\t\t\t\t<\/div>\n\t\t\t\t\t<\/div>\n\t\t<\/div>\n\t\t\t\t\t<\/div>\n\t\t<\/section>\n\t\t\t\t<\/div>","protected":false},"excerpt":{"rendered":"<p>ASOCIA\u021aIA ANTREPRENORI PENTRU DEZVOLTARE Termeni \u0219i condi\u021bii pentru site-ul ASAP.D Bine a\u021bi venit pe site-ul web ASAP.D (denumit \u00een continuare &#8222;Site-ul&#8221;), de\u021binut \u0219i operat de ASOCIA\u021aIA ANTREPRENORI PENTRU DEZVOLTARE (&#8222;ASAPD&#8221;, &#8222;noi&#8221;, &#8222;noi&#8221; sau &#8222;al nostru&#8221;). Ace\u0219ti termeni \u0219i condi\u021bii (&#8222;Termeni&#8221;) reglementeaz\u0103 utilizarea de c\u0103tre dvs. a Site-ului, precum \u0219i orice con\u021binut, caracteristici, func\u021bionalitate \u0219i servicii [&hellip;]<\/p>","protected":false},"author":1,"featured_media":0,"parent":0,"menu_order":0,"comment_status":"closed","ping_status":"closed","template":"","meta":{"footnotes":""},"class_list":["post-122","page","type-page","status-publish","hentry"],"_links":{"self":[{"href":"https:\/\/asapd.ro\/en\/wp-json\/wp\/v2\/pages\/122","targetHints":{"allow":["GET"]}}],"collection":[{"href":"https:\/\/asapd.ro\/en\/wp-json\/wp\/v2\/pages"}],"about":[{"href":"https:\/\/asapd.ro\/en\/wp-json\/wp\/v2\/types\/page"}],"author":[{"embeddable":true,"href":"https:\/\/asapd.ro\/en\/wp-json\/wp\/v2\/users\/1"}],"replies":[{"embeddable":true,"href":"https:\/\/asapd.ro\/en\/wp-json\/wp\/v2\/comments?post=122"}],"version-history":[{"count":11,"href":"https:\/\/asapd.ro\/en\/wp-json\/wp\/v2\/pages\/122\/revisions"}],"predecessor-version":[{"id":615,"href":"https:\/\/asapd.ro\/en\/wp-json\/wp\/v2\/pages\/122\/revisions\/615"}],"wp:attachment":[{"href":"https:\/\/asapd.ro\/en\/wp-json\/wp\/v2\/media?parent=122"}],"curies":[{"name":"wp","href":"https:\/\/api.w.org\/{rel}","templated":true}]}}