{"id":124,"date":"2023-03-17T12:34:16","date_gmt":"2023-03-17T12:34:16","guid":{"rendered":"https:\/\/asapd.ro\/?page_id=124"},"modified":"2023-03-27T19:14:40","modified_gmt":"2023-03-27T16:14:40","slug":"politica-de-confidentialitate","status":"publish","type":"page","link":"https:\/\/asapd.ro\/en\/politica-de-confidentialitate\/","title":{"rendered":"Privacy Policy"},"content":{"rendered":"<div data-elementor-type=\"wp-page\" data-elementor-id=\"124\" class=\"elementor elementor-124\" data-elementor-post-type=\"page\">\n\t\t\t\t\t\t<section class=\"elementor-section elementor-top-section elementor-element elementor-element-4f5bda3 elementor-section-boxed elementor-section-height-default elementor-section-height-default\" data-id=\"4f5bda3\" data-element_type=\"section\">\n\t\t\t\t\t\t<div class=\"elementor-container elementor-column-gap-default\">\n\t\t\t\t\t<div class=\"elementor-column elementor-col-100 elementor-top-column elementor-element elementor-element-9b887e2\" data-id=\"9b887e2\" data-element_type=\"column\">\n\t\t\t<div class=\"elementor-widget-wrap elementor-element-populated\">\n\t\t\t\t\t\t<div class=\"elementor-element elementor-element-27d761e elementor-widget elementor-widget-heading\" data-id=\"27d761e\" data-element_type=\"widget\" data-widget_type=\"heading.default\">\n\t\t\t\t<div class=\"elementor-widget-container\">\n\t\t\t<style>\/*! elementor - v3.19.0 - 29-01-2024 *\/\n.elementor-heading-title{padding:0;margin:0;line-height:1}.elementor-widget-heading .elementor-heading-title[class*=elementor-size-]>a{color:inherit;font-size:inherit;line-height:inherit}.elementor-widget-heading .elementor-heading-title.elementor-size-small{font-size:15px}.elementor-widget-heading .elementor-heading-title.elementor-size-medium{font-size:19px}.elementor-widget-heading .elementor-heading-title.elementor-size-large{font-size:29px}.elementor-widget-heading .elementor-heading-title.elementor-size-xl{font-size:39px}.elementor-widget-heading .elementor-heading-title.elementor-size-xxl{font-size:59px}<\/style><div class=\"elementor-heading-title elementor-size-default\">ASOCIA\u021aIA ANTREPRENORI PENTRU DEZVOLTARE<\/div>\t\t<\/div>\n\t\t\t\t<\/div>\n\t\t\t\t<div class=\"elementor-element elementor-element-56e44fd elementor-widget elementor-widget-heading\" data-id=\"56e44fd\" data-element_type=\"widget\" data-widget_type=\"heading.default\">\n\t\t\t\t<div class=\"elementor-widget-container\">\n\t\t\t<h1 class=\"elementor-heading-title elementor-size-default\">Privacy Policy \n<\/h1>\t\t<\/div>\n\t\t\t\t<\/div>\n\t\t\t\t\t<\/div>\n\t\t<\/div>\n\t\t\t\t\t<\/div>\n\t\t<\/section>\n\t\t\t\t<section class=\"elementor-section elementor-top-section elementor-element elementor-element-0dd77d4 elementor-section-boxed elementor-section-height-default elementor-section-height-default\" data-id=\"0dd77d4\" data-element_type=\"section\">\n\t\t\t\t\t\t<div class=\"elementor-container elementor-column-gap-default\">\n\t\t\t\t\t<div class=\"elementor-column elementor-col-100 elementor-top-column elementor-element elementor-element-842350e\" data-id=\"842350e\" data-element_type=\"column\">\n\t\t\t<div class=\"elementor-widget-wrap elementor-element-populated\">\n\t\t\t\t\t\t<div class=\"elementor-element elementor-element-a64d2e5 elementor-widget elementor-widget-text-editor\" data-id=\"a64d2e5\" data-element_type=\"widget\" data-widget_type=\"text-editor.default\">\n\t\t\t\t<div class=\"elementor-widget-container\">\n\t\t\t<style>\/*! elementor - v3.19.0 - 29-01-2024 *\/\n.elementor-widget-text-editor.elementor-drop-cap-view-stacked .elementor-drop-cap{background-color:#69727d;color:#fff}.elementor-widget-text-editor.elementor-drop-cap-view-framed .elementor-drop-cap{color:#69727d;border:3px solid;background-color:transparent}.elementor-widget-text-editor:not(.elementor-drop-cap-view-default) .elementor-drop-cap{margin-top:8px}.elementor-widget-text-editor:not(.elementor-drop-cap-view-default) .elementor-drop-cap-letter{width:1em;height:1em}.elementor-widget-text-editor .elementor-drop-cap{float:left;text-align:center;line-height:1;font-size:50px}.elementor-widget-text-editor .elementor-drop-cap-letter{display:inline-block}<\/style>\t\t\t\t<p><strong>Privacy Policy<\/strong><\/p><p>Ultima actualizare la <strong>23-Mar-2023<\/strong><\/p><p>Data intr\u0103rii \u00een vigoare <strong>23-Mar-2023<\/strong><\/p><p class=\" translation-block\">This privacy policy describes the policies of <strong>ASOCIA\u021aIA ANTREPRENORI PENTRU DEZVOLTARE<\/strong>, The Privacy Policy is only available in Romanian.<\/p><p>Calea Victoriei nr. 155, bl. D1, tronson 5, et. 2, cam. A2;3, A2;4, A2;5, 010073 Sector 1, Bucure\u0219ti, Rom\u00e2nia,<\/p><p>email: office@asapd.ro,<\/p><p>tel: +40744363307<\/p><p>cu privire la colectarea, utilizarea \u0219i dezv\u0103luirea informa\u021biilor pe care le colect\u0103m atunci c\u00e2nd utiliza\u021bi site-ul nostru ( https:\/\/asapd.ro ). (&#8222;Serviciul&#8221;). Prin accesarea sau utilizarea Serviciului, sunte\u021bi de acord cu colectarea, utilizarea \u0219i dezv\u0103luirea informa\u021biilor dvs. \u00een conformitate cu aceast\u0103 Politic\u0103 de confiden\u021bialitate. Dac\u0103 nu sunte\u021bi de acord cu acestea, v\u0103 rug\u0103m s\u0103 nu accesa\u021bi sau s\u0103 utiliza\u021bi Serviciul.<\/p><p>Putem modifica aceast\u0103 Politic\u0103 de confiden\u021bialitate \u00een orice moment f\u0103r\u0103 a v\u0103 anun\u021ba \u00een prealabil \u0219i vom publica Politica de confiden\u021bialitate revizuit\u0103 pe Serviciu. Politica revizuit\u0103 va intra \u00een vigoare \u00een termen de 180 de zile de la data la care Politica revizuit\u0103 este postat\u0103 \u00een Serviciu, iar accesul sau utilizarea continu\u0103 a Serviciului dup\u0103 aceast\u0103 dat\u0103 va constitui acceptarea de c\u0103tre dvs. a Politicii de confiden\u021bialitate revizuite. Prin urmare, v\u0103 recomand\u0103m s\u0103 revizui\u021bi periodic aceast\u0103 pagin\u0103.<\/p>\t\t\t\t\t\t<\/div>\n\t\t\t\t<\/div>\n\t\t\t\t<div class=\"elementor-element elementor-element-ee3e239 elementor-widget elementor-widget-heading\" data-id=\"ee3e239\" data-element_type=\"widget\" data-widget_type=\"heading.default\">\n\t\t\t\t<div class=\"elementor-widget-container\">\n\t\t\t<h2 class=\"elementor-heading-title elementor-size-default\"> Informa\u021bii pe care le colect\u0103m: \n<\/h2>\t\t<\/div>\n\t\t\t\t<\/div>\n\t\t\t\t<div class=\"elementor-element elementor-element-a63017d elementor-widget elementor-widget-text-editor\" data-id=\"a63017d\" data-element_type=\"widget\" data-widget_type=\"text-editor.default\">\n\t\t\t\t<div class=\"elementor-widget-container\">\n\t\t\t\t\t\t\t<p><strong>Vom colecta \u0219i procesa urm\u0103toarele informa\u021bii personale despre dvs<\/strong>: <br \/><br \/>Nume<br \/>E-mail<br \/>Telefon mobil<br \/>Informa\u021bii de plat\u0103 ( <strong>doar pentru dona\u021bii \u0219i sponsoriz\u0103ri<\/strong> )<\/p>\t\t\t\t\t\t<\/div>\n\t\t\t\t<\/div>\n\t\t\t\t<div class=\"elementor-element elementor-element-44887a1 elementor-widget elementor-widget-heading\" data-id=\"44887a1\" data-element_type=\"widget\" data-widget_type=\"heading.default\">\n\t\t\t\t<div class=\"elementor-widget-container\">\n\t\t\t<h2 class=\"elementor-heading-title elementor-size-default\"> P\u0103strarea informa\u021biilor dumneavoastr\u0103: \n<\/h2>\t\t<\/div>\n\t\t\t\t<\/div>\n\t\t\t\t<div class=\"elementor-element elementor-element-26d5658 elementor-widget elementor-widget-text-editor\" data-id=\"26d5658\" data-element_type=\"widget\" data-widget_type=\"text-editor.default\">\n\t\t\t\t<div class=\"elementor-widget-container\">\n\t\t\t\t\t\t\t<p>Vom p\u0103stra informa\u021biile dvs. personale la noi timp de 90 de zile p\u00e2n\u0103 la 2 ani dup\u0103 ce utilizatorii \u00ee\u0219i \u00eenchid conturile sau at\u00e2t timp c\u00e2t avem nevoie de ele pentru a \u00eendeplini scopurile pentru care au fost colectate, a\u0219a cum este detaliat \u00een aceast\u0103 politic\u0103 de confiden\u021bialitate.<\/p><p>Este posibil s\u0103 fie necesar s\u0103 p\u0103str\u0103m anumite informa\u021bii pentru perioade mai lungi, cum ar fi p\u0103strarea \u00eenregistr\u0103rilor \/ raportarea \u00een conformitate cu legisla\u021bia aplicabil\u0103 sau din alte motive legitime, cum ar fi aplicarea drepturilor legale, prevenirea fraudei etc.<\/p><p>Informa\u021biile anonime reziduale \u0219i informa\u021biile agregate, dintre care niciuna nu v\u0103 identific\u0103 (direct sau indirect), pot fi stocate pe termen nelimitat.<\/p>\t\t\t\t\t\t<\/div>\n\t\t\t\t<\/div>\n\t\t\t\t<div class=\"elementor-element elementor-element-06c73cc elementor-widget elementor-widget-heading\" data-id=\"06c73cc\" data-element_type=\"widget\" data-widget_type=\"heading.default\">\n\t\t\t\t<div class=\"elementor-widget-container\">\n\t\t\t<h2 class=\"elementor-heading-title elementor-size-default\"> Drepturile dumneavoastr\u0103: \n<\/h2>\t\t<\/div>\n\t\t\t\t<\/div>\n\t\t\t\t<div class=\"elementor-element elementor-element-d89557f elementor-widget elementor-widget-text-editor\" data-id=\"d89557f\" data-element_type=\"widget\" data-widget_type=\"text-editor.default\">\n\t\t\t\t<div class=\"elementor-widget-container\">\n\t\t\t\t\t\t\t<p>\u00cen func\u021bie de legea care se aplic\u0103, pute\u021bi avea dreptul de a accesa \u0219i de a rectifica sau \u0219terge datele dvs. cu caracter personal sau de a primi o copie a datelor dvs. cu caracter personal, de a restric\u021biona sau de a v\u0103 opune prelucr\u0103rii active a datelor dvs., de a ne cere s\u0103 partaj\u0103m (port) informa\u021biile dvs. cu caracter personal c\u0103tre o alt\u0103 entitate, de a retrage orice consim\u021b\u0103m\u00e2nt pe care ni l-a\u021bi acordat pentru prelucrarea datelor dvs., dreptul de a depune o pl\u00e2ngere la autoritatea legal\u0103 \u0219i alte drepturi relevante \u00een conformitate cu legile aplicabile.<\/p><p>Pentru a v\u0103 exercita aceste drepturi, ne pute\u021bi scrie la adresa office@asapd.ro. Vom r\u0103spunde solicit\u0103rii dvs. \u00een conformitate cu legisla\u021bia aplicabil\u0103. <\/p><p>Re\u021bine\u021bi c\u0103, dac\u0103 nu ne permite\u021bi s\u0103 colect\u0103m sau s\u0103 prelucr\u0103m informa\u021biile personale solicitate sau dac\u0103 ne retrage\u021bi consim\u021b\u0103m\u00e2ntul de a le prelucra \u00een scopurile solicitate, este posibil s\u0103 nu pute\u021bi accesa sau utiliza serviciile pentru care au fost solicitate informa\u021biile dumneavoastr\u0103.<\/p>\t\t\t\t\t\t<\/div>\n\t\t\t\t<\/div>\n\t\t\t\t<div class=\"elementor-element elementor-element-32bd6bd elementor-widget elementor-widget-heading\" data-id=\"32bd6bd\" data-element_type=\"widget\" data-widget_type=\"heading.default\">\n\t\t\t\t<div class=\"elementor-widget-container\">\n\t\t\t<h2 class=\"elementor-heading-title elementor-size-default\"> Cookie-uri etc. \n<\/h2>\t\t<\/div>\n\t\t\t\t<\/div>\n\t\t\t\t<div class=\"elementor-element elementor-element-67a7191 elementor-widget elementor-widget-text-editor\" data-id=\"67a7191\" data-element_type=\"widget\" data-widget_type=\"text-editor.default\">\n\t\t\t\t<div class=\"elementor-widget-container\">\n\t\t\t\t\t\t\t<p>Pentru a afla mai multe despre modul \u00een care le folosim \u0219i despre op\u021biunile dumneavoastr\u0103 \u00een leg\u0103tur\u0103 cu aceste tehnologii de urm\u0103rire, v\u0103 rug\u0103m s\u0103 consulta\u021bi Politica noastr\u0103 privind cookie-urile.<\/p>\t\t\t\t\t\t<\/div>\n\t\t\t\t<\/div>\n\t\t\t\t<div class=\"elementor-element elementor-element-c5d8112 elementor-widget elementor-widget-heading\" data-id=\"c5d8112\" data-element_type=\"widget\" data-widget_type=\"heading.default\">\n\t\t\t\t<div class=\"elementor-widget-container\">\n\t\t\t<h2 class=\"elementor-heading-title elementor-size-default\">Securitate:<\/h2>\t\t<\/div>\n\t\t\t\t<\/div>\n\t\t\t\t<div class=\"elementor-element elementor-element-0c308f5 elementor-widget elementor-widget-text-editor\" data-id=\"0c308f5\" data-element_type=\"widget\" data-widget_type=\"text-editor.default\">\n\t\t\t\t<div class=\"elementor-widget-container\">\n\t\t\t\t\t\t\t<p>Securitatea informa\u021biilor dvs. este important\u0103 pentru noi \u0219i vom folosi m\u0103suri de securitate rezonabile pentru a preveni pierderea, utilizarea abuziv\u0103 sau modificarea neautorizat\u0103 a informa\u021biilor dvs. aflate sub controlul nostru. Cu toate acestea, av\u00e2nd \u00een vedere riscurile inerente, nu putem garanta o securitate absolut\u0103 \u0219i, \u00een consecin\u021b\u0103, nu putem asigura sau garanta securitatea informa\u021biilor pe care ni le transmite\u021bi, iar dumneavoastr\u0103 o face\u021bi pe propriul risc<\/p>\t\t\t\t\t\t<\/div>\n\t\t\t\t<\/div>\n\t\t\t\t<div class=\"elementor-element elementor-element-bbf016e elementor-widget elementor-widget-heading\" data-id=\"bbf016e\" data-element_type=\"widget\" data-widget_type=\"heading.default\">\n\t\t\t\t<div class=\"elementor-widget-container\">\n\t\t\t<h2 class=\"elementor-heading-title elementor-size-default\"> Leg\u0103turi cu ter\u021be p\u0103r\u021bi \u0219i utilizarea informa\u021biilor dumneavoastr\u0103: \n<\/h2>\t\t<\/div>\n\t\t\t\t<\/div>\n\t\t\t\t<div class=\"elementor-element elementor-element-27b1672 elementor-widget elementor-widget-text-editor\" data-id=\"27b1672\" data-element_type=\"widget\" data-widget_type=\"text-editor.default\">\n\t\t\t\t<div class=\"elementor-widget-container\">\n\t\t\t\t\t\t\t<p>Serviciul nostru poate con\u021bine linkuri c\u0103tre alte site-uri web care nu sunt operate de noi.<\/p><p>Aceast\u0103 Politic\u0103 de confiden\u021bialitate nu se refer\u0103 la politica de confiden\u021bialitate \u0219i la alte practici ale ter\u021bilor, inclusiv ale ter\u021bilor care opereaz\u0103 orice site web sau serviciu care poate fi accesat printr-un link de pe Serviciu.<\/p><p>V\u0103 sf\u0103tuim cu t\u0103rie s\u0103 consulta\u021bi politica de confiden\u021bialitate a fiec\u0103rui site pe care \u00eel vizita\u021bi.<\/p><p>Nu avem niciun control asupra \u0219i nu ne asum\u0103m nicio responsabilitate pentru con\u021binutul, politicile de confiden\u021bialitate sau practicile oric\u0103ror site-uri sau servicii ale unor ter\u021be p\u0103r\u021bi.<\/p>\t\t\t\t\t\t<\/div>\n\t\t\t\t<\/div>\n\t\t\t\t<div class=\"elementor-element elementor-element-30fde15 elementor-widget elementor-widget-heading\" data-id=\"30fde15\" data-element_type=\"widget\" data-widget_type=\"heading.default\">\n\t\t\t\t<div class=\"elementor-widget-container\">\n\t\t\t<h2 class=\"elementor-heading-title elementor-size-default\"> Ofi\u021berul de reclama\u021bii \/ de protec\u021bie a datelor: \n<\/h2>\t\t<\/div>\n\t\t\t\t<\/div>\n\t\t\t\t<div class=\"elementor-element elementor-element-66423ee elementor-widget elementor-widget-text-editor\" data-id=\"66423ee\" data-element_type=\"widget\" data-widget_type=\"text-editor.default\">\n\t\t\t\t<div class=\"elementor-widget-container\">\n\t\t\t\t\t\t\t<p>Dac\u0103 ave\u021bi \u00eentreb\u0103ri sau preocup\u0103ri cu privire la procesarea informa\u021biilor dvs. care sunt disponibile la noi, pute\u021bi trimite un e-mail c\u0103tre Ofi\u021berul nostru de reclama\u021bii la<\/p><p>ASOCIA\u021aIA ANTREPRENORI PENTRU DEZVOLTARE<\/p><p>Calea Victoriei nr. 155, bl. D1, tronson 5, et. 2, cam. A2;3, A2;4, A2;5, 010073 Sector 1, Bucure\u0219ti, Rom\u00e2nia,<\/p><p>email: office@asapd.ro,<\/p><p>tel: +40744363307<\/p>\t\t\t\t\t\t<\/div>\n\t\t\t\t<\/div>\n\t\t\t\t\t<\/div>\n\t\t<\/div>\n\t\t\t\t\t<\/div>\n\t\t<\/section>\n\t\t\t\t<\/div>","protected":false},"excerpt":{"rendered":"<p>ASOCIA\u021aIA ANTREPRENORI PENTRU DEZVOLTARE Politica de confiden\u021bialitate Politica de confiden\u021bialitate Ultima actualizare la 23-Mar-2023 Data intr\u0103rii \u00een vigoare 23-Mar-2023 Aceast\u0103 politic\u0103 de confiden\u021bialitate descrie politicile ASOCIA\u021aIA ANTREPRENORI PENTRU DEZVOLTARE,&nbsp; Calea Victoriei nr. 155, bl. D1, tronson 5, et. 2, cam. A2;3, A2;4, A2;5, 010073 Sector 1, Bucure\u0219ti, Rom\u00e2nia, email: office@asapd.ro, tel: +40744363307 cu privire la [&hellip;]<\/p>","protected":false},"author":1,"featured_media":0,"parent":0,"menu_order":0,"comment_status":"closed","ping_status":"closed","template":"","meta":{"footnotes":""},"class_list":["post-124","page","type-page","status-publish","hentry"],"_links":{"self":[{"href":"https:\/\/asapd.ro\/en\/wp-json\/wp\/v2\/pages\/124","targetHints":{"allow":["GET"]}}],"collection":[{"href":"https:\/\/asapd.ro\/en\/wp-json\/wp\/v2\/pages"}],"about":[{"href":"https:\/\/asapd.ro\/en\/wp-json\/wp\/v2\/types\/page"}],"author":[{"embeddable":true,"href":"https:\/\/asapd.ro\/en\/wp-json\/wp\/v2\/users\/1"}],"replies":[{"embeddable":true,"href":"https:\/\/asapd.ro\/en\/wp-json\/wp\/v2\/comments?post=124"}],"version-history":[{"count":5,"href":"https:\/\/asapd.ro\/en\/wp-json\/wp\/v2\/pages\/124\/revisions"}],"predecessor-version":[{"id":613,"href":"https:\/\/asapd.ro\/en\/wp-json\/wp\/v2\/pages\/124\/revisions\/613"}],"wp:attachment":[{"href":"https:\/\/asapd.ro\/en\/wp-json\/wp\/v2\/media?parent=124"}],"curies":[{"name":"wp","href":"https:\/\/api.w.org\/{rel}","templated":true}]}}