{"id":135,"date":"2023-03-17T12:37:04","date_gmt":"2023-03-17T12:37:04","guid":{"rendered":"https:\/\/asapd.ro\/?page_id=135"},"modified":"2023-03-21T14:28:31","modified_gmt":"2023-03-21T12:28:31","slug":"anul-2020","status":"publish","type":"page","link":"https:\/\/asapd.ro\/en\/rapoarte\/anul-2020\/","title":{"rendered":"Year 2020"},"content":{"rendered":"<div data-elementor-type=\"wp-page\" data-elementor-id=\"135\" class=\"elementor elementor-135\" data-elementor-post-type=\"page\">\n\t\t\t\t\t\t<section class=\"elementor-section elementor-top-section elementor-element elementor-element-4e2afb86 elementor-section-boxed elementor-section-height-default elementor-section-height-default\" data-id=\"4e2afb86\" data-element_type=\"section\">\n\t\t\t\t\t\t<div class=\"elementor-container elementor-column-gap-default\">\n\t\t\t\t\t<div class=\"elementor-column elementor-col-100 elementor-top-column elementor-element elementor-element-41024226\" data-id=\"41024226\" data-element_type=\"column\">\n\t\t\t<div class=\"elementor-widget-wrap elementor-element-populated\">\n\t\t\t\t\t\t<div class=\"elementor-element elementor-element-5b9e9665 elementor-widget elementor-widget-heading\" data-id=\"5b9e9665\" data-element_type=\"widget\" data-widget_type=\"heading.default\">\n\t\t\t\t<div class=\"elementor-widget-container\">\n\t\t\t<style>\/*! elementor - v3.19.0 - 29-01-2024 *\/\n.elementor-heading-title{padding:0;margin:0;line-height:1}.elementor-widget-heading .elementor-heading-title[class*=elementor-size-]>a{color:inherit;font-size:inherit;line-height:inherit}.elementor-widget-heading .elementor-heading-title.elementor-size-small{font-size:15px}.elementor-widget-heading .elementor-heading-title.elementor-size-medium{font-size:19px}.elementor-widget-heading .elementor-heading-title.elementor-size-large{font-size:29px}.elementor-widget-heading .elementor-heading-title.elementor-size-xl{font-size:39px}.elementor-widget-heading .elementor-heading-title.elementor-size-xxl{font-size:59px}<\/style><div class=\"elementor-heading-title elementor-size-default\">Asocia\u021bia Antreprenori Pentru Dezvoltare<\/div>\t\t<\/div>\n\t\t\t\t<\/div>\n\t\t\t\t<div class=\"elementor-element elementor-element-39752675 elementor-widget elementor-widget-heading\" data-id=\"39752675\" data-element_type=\"widget\" data-widget_type=\"heading.default\">\n\t\t\t\t<div class=\"elementor-widget-container\">\n\t\t\t<h2 class=\"elementor-heading-title elementor-size-default\">Raportul anual 2020<\/h2>\t\t<\/div>\n\t\t\t\t<\/div>\n\t\t\t\t<div class=\"elementor-element elementor-element-5af691be elementor-widget__width-initial elementor-widget elementor-widget-text-editor\" data-id=\"5af691be\" data-element_type=\"widget\" data-widget_type=\"text-editor.default\">\n\t\t\t\t<div class=\"elementor-widget-container\">\n\t\t\t<style>\/*! elementor - v3.19.0 - 29-01-2024 *\/\n.elementor-widget-text-editor.elementor-drop-cap-view-stacked .elementor-drop-cap{background-color:#69727d;color:#fff}.elementor-widget-text-editor.elementor-drop-cap-view-framed .elementor-drop-cap{color:#69727d;border:3px solid;background-color:transparent}.elementor-widget-text-editor:not(.elementor-drop-cap-view-default) .elementor-drop-cap{margin-top:8px}.elementor-widget-text-editor:not(.elementor-drop-cap-view-default) .elementor-drop-cap-letter{width:1em;height:1em}.elementor-widget-text-editor .elementor-drop-cap{float:left;text-align:center;line-height:1;font-size:50px}.elementor-widget-text-editor .elementor-drop-cap-letter{display:inline-block}<\/style>\t\t\t\t<ul><li>Am continuat dezvoltarea activit\u0103\u021bilor propuse \u00een anul 2019, astfel:<\/li><li>Proiectul \u00eenceput \u00een anul 2019 de <strong>consultare juridic\u0103 gratuit\u0103<\/strong> pentru Asocia\u021biile \u0219i Organiza\u021bii nonprofit, partenere, pentru membrii lor, c\u00e2t \u0219i pentru partenerii \u0219i colaboratorii lor, a fost men\u021binut pe tot parcursul anului 2020, ac\u021biunile cele mai relevante cu privire la acest proiect au fost:<\/li><li><strong>Contract de parteneriat \u00eencheiat la 06.01.2020 \u00eentre Asocia\u021bia Antreprenori pentru Dezvoltare \u0219i Sindicat \u00cenv\u0103\u021b\u0103m\u00e2nt Ilfov \u0219i prelungit la 06.07.2020<\/strong><\/li><li>Proiectele \u00eencepute \u00een 2019, cu privire la \u201e<strong>Activit\u0103\u021bi de atragere colaboratori \u0219i parteneri din sfera Asocia\u021biilor \u0219i Organiza\u021biilor nonprofit<\/strong>, pentru a crea un fundament mult mai benefic prin sprijin reciproc \u00een realizarea scopului \u0219i obiectivelor comune cu valen\u021be educa\u021bionale, culturale \u0219i civice pentru societatea<\/li><li>Rom\u00e2neasc\u0103\u201d \u0219i \u201e<strong>Activit\u0103\u021bi de sus\u021binere a Administra\u021biilor Publice, a Asocia\u021biilor \u0219i Organiza\u021biilor nonprofit<\/strong>, \u00een accesarea fondurilor nerambursabile\u201d au continuat prin \u00eencheierea:<\/li><li><strong>Contract Colaborare \u00eentre Asocia\u021bia Antreprenori pentru Dezvoltare \u0219i Asocia\u021bia Quantum Trust, \u00eencheiat la 10.02.2020<\/strong>.<\/li><li>Prin \u00eencheierea acestui Contract, ASAPD a facilitat colabrarea, sus\u021binut \u0219i participat la \u00eentalnirea bilateral\u0103 din Oslo Norvegia, \u00een perioada 20.02.2020- 23.02.2020, pentru Proiectul \u201eDezvoltare local\u0103, reducerea s\u0103r\u0103ciei \u0219i cre\u0219terea incluziunii romilor\u201d finan\u021bat prin Granturile SEE \u0219i Norvegiene 2014-2021, Proiect realizat \u00eentre UAT Ora\u0219ul T\u0103\u0219nad \u2013 Satu Mare, Asocia\u021bia Quantum Trust \u0219i partenerul Norvegian \u2013 Asocia\u021bia Culture Break Borders,<\/li><li><strong>Contract Colaborare \u00eentre Asocia\u021bia Antreprenori pentru Dezvoltare \u0219i Asocia\u021bia Iliria \u2013 Al\u0103turi de Albanezi, \u00eencheiat la 10.02.2020<\/strong>,<\/li><li>Activit\u0103\u021bi de consultan\u021b\u0103 juridic\u0103 gratuit\u0103, \u00een vederea sus\u021binerii antreprenorilor rom\u00e2ni \u00een perioada <strong>st\u0103rii de urgen\u021b\u0103 COVID 19<\/strong>, consulta\u021bii cu privire la protec\u021bia \u0219i drepturile \u00een situa\u021bia st\u0103rii de urgen\u021b\u0103 generat\u0103 de criza <strong>COVID 19<\/strong>, cu care s-au confruntat sociat\u0103\u021bile comerciale, fiind obligate la \u00eentreruperea activit\u0103\u021bii.<\/li><li>Proiectul de <strong>atragere voluntari<\/strong> a continuat pe parcursul \u00eentregului an 2020, reu\u0219ind s\u0103 atragem un numar de 6 voluntari activi cu expertiza si experien\u021ba necesar\u0103 proiectelor demarate de Asocia\u021b\u0103ia Antreprenori pentru Dezvoltare<\/li><\/ul>\t\t\t\t\t\t<\/div>\n\t\t\t\t<\/div>\n\t\t\t\t\t<\/div>\n\t\t<\/div>\n\t\t\t\t\t<\/div>\n\t\t<\/section>\n\t\t\t\t<\/div>","protected":false},"excerpt":{"rendered":"<p>Asocia\u021bia Antreprenori Pentru Dezvoltare Raportul anual 2020 Am continuat dezvoltarea activit\u0103\u021bilor propuse \u00een anul 2019, astfel: Proiectul \u00eenceput \u00een anul 2019 de consultare juridic\u0103 gratuit\u0103 pentru Asocia\u021biile \u0219i Organiza\u021bii nonprofit, partenere, pentru membrii lor, c\u00e2t \u0219i pentru partenerii \u0219i colaboratorii lor, a fost men\u021binut pe tot parcursul anului 2020, ac\u021biunile cele mai relevante cu privire [&hellip;]<\/p>","protected":false},"author":1,"featured_media":0,"parent":118,"menu_order":0,"comment_status":"closed","ping_status":"closed","template":"","meta":{"footnotes":""},"class_list":["post-135","page","type-page","status-publish","hentry"],"_links":{"self":[{"href":"https:\/\/asapd.ro\/en\/wp-json\/wp\/v2\/pages\/135","targetHints":{"allow":["GET"]}}],"collection":[{"href":"https:\/\/asapd.ro\/en\/wp-json\/wp\/v2\/pages"}],"about":[{"href":"https:\/\/asapd.ro\/en\/wp-json\/wp\/v2\/types\/page"}],"author":[{"embeddable":true,"href":"https:\/\/asapd.ro\/en\/wp-json\/wp\/v2\/users\/1"}],"replies":[{"embeddable":true,"href":"https:\/\/asapd.ro\/en\/wp-json\/wp\/v2\/comments?post=135"}],"version-history":[{"count":4,"href":"https:\/\/asapd.ro\/en\/wp-json\/wp\/v2\/pages\/135\/revisions"}],"predecessor-version":[{"id":266,"href":"https:\/\/asapd.ro\/en\/wp-json\/wp\/v2\/pages\/135\/revisions\/266"}],"up":[{"embeddable":true,"href":"https:\/\/asapd.ro\/en\/wp-json\/wp\/v2\/pages\/118"}],"wp:attachment":[{"href":"https:\/\/asapd.ro\/en\/wp-json\/wp\/v2\/media?parent=135"}],"curies":[{"name":"wp","href":"https:\/\/api.w.org\/{rel}","templated":true}]}}