{"id":137,"date":"2023-03-17T12:37:27","date_gmt":"2023-03-17T12:37:27","guid":{"rendered":"https:\/\/asapd.ro\/?page_id=137"},"modified":"2023-03-21T14:34:49","modified_gmt":"2023-03-21T12:34:49","slug":"anul-2021","status":"publish","type":"page","link":"https:\/\/asapd.ro\/en\/rapoarte\/anul-2021\/","title":{"rendered":"Year 2021"},"content":{"rendered":"<div data-elementor-type=\"wp-page\" data-elementor-id=\"137\" class=\"elementor elementor-137\" data-elementor-post-type=\"page\">\n\t\t\t\t\t\t<section class=\"elementor-section elementor-top-section elementor-element elementor-element-65a5c6c0 elementor-section-boxed elementor-section-height-default elementor-section-height-default\" data-id=\"65a5c6c0\" data-element_type=\"section\">\n\t\t\t\t\t\t<div class=\"elementor-container elementor-column-gap-default\">\n\t\t\t\t\t<div class=\"elementor-column elementor-col-100 elementor-top-column elementor-element elementor-element-4082b366\" data-id=\"4082b366\" data-element_type=\"column\">\n\t\t\t<div class=\"elementor-widget-wrap elementor-element-populated\">\n\t\t\t\t\t\t<div class=\"elementor-element elementor-element-7a4318c0 elementor-widget elementor-widget-heading\" data-id=\"7a4318c0\" data-element_type=\"widget\" data-widget_type=\"heading.default\">\n\t\t\t\t<div class=\"elementor-widget-container\">\n\t\t\t<style>\/*! elementor - v3.19.0 - 29-01-2024 *\/\n.elementor-heading-title{padding:0;margin:0;line-height:1}.elementor-widget-heading .elementor-heading-title[class*=elementor-size-]>a{color:inherit;font-size:inherit;line-height:inherit}.elementor-widget-heading .elementor-heading-title.elementor-size-small{font-size:15px}.elementor-widget-heading .elementor-heading-title.elementor-size-medium{font-size:19px}.elementor-widget-heading .elementor-heading-title.elementor-size-large{font-size:29px}.elementor-widget-heading .elementor-heading-title.elementor-size-xl{font-size:39px}.elementor-widget-heading .elementor-heading-title.elementor-size-xxl{font-size:59px}<\/style><div class=\"elementor-heading-title elementor-size-default\">Asocia\u021bia Antreprenori Pentru Dezvoltare<\/div>\t\t<\/div>\n\t\t\t\t<\/div>\n\t\t\t\t<div class=\"elementor-element elementor-element-131dd1fd elementor-widget elementor-widget-heading\" data-id=\"131dd1fd\" data-element_type=\"widget\" data-widget_type=\"heading.default\">\n\t\t\t\t<div class=\"elementor-widget-container\">\n\t\t\t<h2 class=\"elementor-heading-title elementor-size-default\">Raportul anual 2021<\/h2>\t\t<\/div>\n\t\t\t\t<\/div>\n\t\t\t\t<div class=\"elementor-element elementor-element-dfdb3f1 elementor-widget__width-initial elementor-widget elementor-widget-text-editor\" data-id=\"dfdb3f1\" data-element_type=\"widget\" data-widget_type=\"text-editor.default\">\n\t\t\t\t<div class=\"elementor-widget-container\">\n\t\t\t<style>\/*! elementor - v3.19.0 - 29-01-2024 *\/\n.elementor-widget-text-editor.elementor-drop-cap-view-stacked .elementor-drop-cap{background-color:#69727d;color:#fff}.elementor-widget-text-editor.elementor-drop-cap-view-framed .elementor-drop-cap{color:#69727d;border:3px solid;background-color:transparent}.elementor-widget-text-editor:not(.elementor-drop-cap-view-default) .elementor-drop-cap{margin-top:8px}.elementor-widget-text-editor:not(.elementor-drop-cap-view-default) .elementor-drop-cap-letter{width:1em;height:1em}.elementor-widget-text-editor .elementor-drop-cap{float:left;text-align:center;line-height:1;font-size:50px}.elementor-widget-text-editor .elementor-drop-cap-letter{display:inline-block}<\/style>\t\t\t\t<p>Pe tot parcursul anului 2021, am continuat activit\u0103\u021bile propuse \u0219i \u00eencepute \u00een anii anteriori conform scopului \u0219i obiectivelor Asocia\u021biei, dup\u0103 cum urmeaz\u0103:<\/p><ul><li>At\u00e2t \u00een data de 06.01.2021, c\u00e2t \u0219i \u00een data de 06.07.2021, am prelungit contractul \u00eencheiat la 06.01.2020 \u00eentre Asocia\u021bia Antreprenori pentru Dezvoltare \u0219i Sindicat \u00cenv\u0103\u021bam\u00e2nt Ilfov, cu care avem consult\u0103ri permanente, pe aspecte legislative de ordin administrativ, ce \u021bin de cunoa\u0219terea cadrului legal privind eficientizarea, organizarea \u0219i desf\u0103\u0219urarea activit\u0103\u021bii <strong>Sindicatului \u00cenv\u0103\u021b\u0103m\u00e2nt jude\u021bul Ilfov<\/strong>,<\/li><li>Am continuat programul \u00eenceput \u00een anul 2019 \u201eactivit\u0103\u021bi de <strong>atragere colaboratori \u0219i parteneri din sfera Asocia\u021biilor \u0219i Organiza\u021biilor nonprofit<\/strong>, pentru a crea un fundament mult mai benefic prin sprijin reciproc \u00een realizarea scopului \u0219i obiectivelor comune cu valen\u021be educa\u021bionale, culturale \u0219i civice pentru societatea rom\u00e2neasc\u0103, \u00eencheind astfel:<\/li><li>Contract Colaborare \u00eentre Asocia\u021bia Antreprenori pentru Dezvoltare \u0219i Asocia\u021bia Club-Sportiv Eco-Alpin, \u00eencheiat la data de 01.03.2021.<\/li><li>Primul proiect al acestei colabor\u0103ri \u00eentre ASAPD \u0219i Asocia\u021bia Club-Sportiv Eco-Alpin, a constat \u00een consiliere, asisten\u021b\u0103, scriere \u0219i depunere de c\u0103tre ASAPD, a proiectului Asocia\u021biei Club-Sportiv Eco-Alpin intitulat \u201eCurs Sportiv Educativ\u201d \u00een cadrul Apelului 1\/1921 \u2013 \u201e\u00cen Stare de Bine\u201d, proiect realizat \u00een luna aprilie 2021.<\/li><li>\u00cen perioada 07-09 iulie 2021, ASAPD a sprijinit prin volunarii s\u0103i, c\u0103rora le-a fost remarcat\u0103 \u0103i apreciat\u0103 expertiza \u0219i experien\u021ba de care au dat dovad\u0103 \u00een Proiectul \u201eTradi\u021bia Albanez\u0103 \u00een Rom\u00eenia\u201d, ini\u021biat de Asocia\u021bia colaboratoare Iliria \u2013 Al\u0103turi de Albanezi, proiect realizat cu <strong>sprijinul Prim\u0103riilor Dumbr\u0103veni, Adamclisi \u0219i Topraisar din jude\u021bul Constan\u021ba<\/strong>.<\/li><li>La 01 noiembrie 2021, la recomandarea Asocia\u021biei colaboratoare Valahii, am ini\u021biat <strong>proiectul caritabil<\/strong>, de consiliere, asisten\u021b\u0103 \u0219i \u00eendrumare \u00een vederea echival\u0103rii studiilor efectuate \u00een Siria, de c\u0103tre Ministerul Educa\u021biei din Rom\u00e2nia, a refugiatului Sirian, cu permis de \u0219edere \u00een Rom\u00e2nia RO 0532735, Jbara Sabah, fiindu-i necesare la efectuarea cursului acreditat de formare profesional\u0103 pentru ocupa\u021bia de Frizer, voluntarii ASAPD, dup\u0103 ob\u021binerea echival\u0103rii studiilor, l-au sus\u021binut, asistat \u0219i consiliat pe Dl. Jara Sabah, \u00een toate etapele de g\u0103sire a cursului, perg\u0103tire a dosarului, \u00eenscriere la cursul autorizat de Frizer, ob\u021binerea diplomei de finalizare a cursului.<\/li><li>\u00cen luna decembrie 2021, ASAPD a ini\u021biat la recomandarea colaboratorilor \u201eProiectul Mecena ASAPD\u201d, proiect caritabil const\u00e2nd \u00een sprijin material pentru tratamentul de \u00eens\u0103n\u0103to\u0219ire \u00een urma interven\u021biei medicale suferite conform dosar medical ata\u0219at la contract, de dl. RINDCHE ANDREI.<\/li><li>Proiectul de <strong>atragere voluntari<\/strong> a continuat pe parcursul \u00eentregului an 2021, reu\u0219ind s\u0103 adaug\u0103m un numar de 4 voluntari activi cu expertiza \u0219i experien\u021ba necesar\u0103 proiectelor viitoare ini\u021biate de Asocia\u021bia Antreprenori pentru Dezvoltare.<\/li><\/ul>\t\t\t\t\t\t<\/div>\n\t\t\t\t<\/div>\n\t\t\t\t\t<\/div>\n\t\t<\/div>\n\t\t\t\t\t<\/div>\n\t\t<\/section>\n\t\t\t\t<\/div>","protected":false},"excerpt":{"rendered":"<p>Asocia\u021bia Antreprenori Pentru Dezvoltare Raportul anual 2021 Pe tot parcursul anului 2021, am continuat activit\u0103\u021bile propuse \u0219i \u00eencepute \u00een anii anteriori conform scopului \u0219i obiectivelor Asocia\u021biei, dup\u0103 cum urmeaz\u0103: At\u00e2t \u00een data de 06.01.2021, c\u00e2t \u0219i \u00een data de 06.07.2021, am prelungit contractul \u00eencheiat la 06.01.2020 \u00eentre Asocia\u021bia Antreprenori pentru Dezvoltare \u0219i Sindicat \u00cenv\u0103\u021bam\u00e2nt Ilfov, [&hellip;]<\/p>","protected":false},"author":1,"featured_media":0,"parent":118,"menu_order":0,"comment_status":"closed","ping_status":"closed","template":"","meta":{"footnotes":""},"class_list":["post-137","page","type-page","status-publish","hentry"],"_links":{"self":[{"href":"https:\/\/asapd.ro\/en\/wp-json\/wp\/v2\/pages\/137","targetHints":{"allow":["GET"]}}],"collection":[{"href":"https:\/\/asapd.ro\/en\/wp-json\/wp\/v2\/pages"}],"about":[{"href":"https:\/\/asapd.ro\/en\/wp-json\/wp\/v2\/types\/page"}],"author":[{"embeddable":true,"href":"https:\/\/asapd.ro\/en\/wp-json\/wp\/v2\/users\/1"}],"replies":[{"embeddable":true,"href":"https:\/\/asapd.ro\/en\/wp-json\/wp\/v2\/comments?post=137"}],"version-history":[{"count":4,"href":"https:\/\/asapd.ro\/en\/wp-json\/wp\/v2\/pages\/137\/revisions"}],"predecessor-version":[{"id":270,"href":"https:\/\/asapd.ro\/en\/wp-json\/wp\/v2\/pages\/137\/revisions\/270"}],"up":[{"embeddable":true,"href":"https:\/\/asapd.ro\/en\/wp-json\/wp\/v2\/pages\/118"}],"wp:attachment":[{"href":"https:\/\/asapd.ro\/en\/wp-json\/wp\/v2\/media?parent=137"}],"curies":[{"name":"wp","href":"https:\/\/api.w.org\/{rel}","templated":true}]}}