{"id":139,"date":"2023-03-17T12:37:44","date_gmt":"2023-03-17T12:37:44","guid":{"rendered":"https:\/\/asapd.ro\/?page_id=139"},"modified":"2023-03-21T14:43:52","modified_gmt":"2023-03-21T12:43:52","slug":"anul-2022","status":"publish","type":"page","link":"https:\/\/asapd.ro\/en\/rapoarte\/anul-2022\/","title":{"rendered":"Year 2022"},"content":{"rendered":"<div data-elementor-type=\"wp-page\" data-elementor-id=\"139\" class=\"elementor elementor-139\" data-elementor-post-type=\"page\">\n\t\t\t\t\t\t<section class=\"elementor-section elementor-top-section elementor-element elementor-element-86e9f7d elementor-section-boxed elementor-section-height-default elementor-section-height-default\" data-id=\"86e9f7d\" data-element_type=\"section\">\n\t\t\t\t\t\t<div class=\"elementor-container elementor-column-gap-default\">\n\t\t\t\t\t<div class=\"elementor-column elementor-col-100 elementor-top-column elementor-element elementor-element-71f594\" data-id=\"71f594\" data-element_type=\"column\">\n\t\t\t<div class=\"elementor-widget-wrap elementor-element-populated\">\n\t\t\t\t\t\t<div class=\"elementor-element elementor-element-738f048a elementor-widget elementor-widget-heading\" data-id=\"738f048a\" data-element_type=\"widget\" data-widget_type=\"heading.default\">\n\t\t\t\t<div class=\"elementor-widget-container\">\n\t\t\t<style>\/*! elementor - v3.19.0 - 29-01-2024 *\/\n.elementor-heading-title{padding:0;margin:0;line-height:1}.elementor-widget-heading .elementor-heading-title[class*=elementor-size-]>a{color:inherit;font-size:inherit;line-height:inherit}.elementor-widget-heading .elementor-heading-title.elementor-size-small{font-size:15px}.elementor-widget-heading .elementor-heading-title.elementor-size-medium{font-size:19px}.elementor-widget-heading .elementor-heading-title.elementor-size-large{font-size:29px}.elementor-widget-heading .elementor-heading-title.elementor-size-xl{font-size:39px}.elementor-widget-heading .elementor-heading-title.elementor-size-xxl{font-size:59px}<\/style><div class=\"elementor-heading-title elementor-size-default\">Asocia\u021bia Antreprenori Pentru Dezvoltare<\/div>\t\t<\/div>\n\t\t\t\t<\/div>\n\t\t\t\t<div class=\"elementor-element elementor-element-6848a038 elementor-widget elementor-widget-heading\" data-id=\"6848a038\" data-element_type=\"widget\" data-widget_type=\"heading.default\">\n\t\t\t\t<div class=\"elementor-widget-container\">\n\t\t\t<h2 class=\"elementor-heading-title elementor-size-default\">Raportul anual 2022<\/h2>\t\t<\/div>\n\t\t\t\t<\/div>\n\t\t\t\t<div class=\"elementor-element elementor-element-28572187 elementor-widget__width-initial elementor-widget elementor-widget-text-editor\" data-id=\"28572187\" data-element_type=\"widget\" data-widget_type=\"text-editor.default\">\n\t\t\t\t<div class=\"elementor-widget-container\">\n\t\t\t<style>\/*! elementor - v3.19.0 - 29-01-2024 *\/\n.elementor-widget-text-editor.elementor-drop-cap-view-stacked .elementor-drop-cap{background-color:#69727d;color:#fff}.elementor-widget-text-editor.elementor-drop-cap-view-framed .elementor-drop-cap{color:#69727d;border:3px solid;background-color:transparent}.elementor-widget-text-editor:not(.elementor-drop-cap-view-default) .elementor-drop-cap{margin-top:8px}.elementor-widget-text-editor:not(.elementor-drop-cap-view-default) .elementor-drop-cap-letter{width:1em;height:1em}.elementor-widget-text-editor .elementor-drop-cap{float:left;text-align:center;line-height:1;font-size:50px}.elementor-widget-text-editor .elementor-drop-cap-letter{display:inline-block}<\/style>\t\t\t\t<ul><li>\u00cen anul 2022 <strong>am continuat activit\u0103\u021bile de dezvoltare ASAPD<\/strong>, \u00eencepute \u00een anii anteriori, consilierii juridici ASAPD, oferind permanent consult\u0103ri, opinii \u0219i sprijin asocia\u021biilor \u0219i oragniza\u021biilor colaboratoare, men\u021bin\u00eend astfel o legatur\u0103 continu\u0103 ce ne ajut\u0103 s\u0103 fim \u00een contact permanent cu nevoile societ\u0103\u021bii.<\/li><li>Voluntarii desemna\u021bi \u00een sprijinirea dl-lui Jbara Sabah, au finalizat cu succes proiectul ini\u021biat, r\u0103m\u00e2n\u00e2nd \u00eentr-o rela\u021bie de consiliere a dl-lui Jbara \u00een vederea deschiderii unei afaceri \u00een domeniul \u00een care s-a calificat.<\/li><li>At\u00e2t \u00een data de 06.01.2022, c\u00e2t \u0219i \u00een data de 06.07.2022, am prelungit contractul \u00eencheiat <strong>la 06.01.2020 \u00eentre Asocia\u021bia Antreprenori pentru Dezvoltare \u0219i Sindicat \u00cenv\u0103\u021b\u0103m\u00e2nt Ilfov<\/strong>, cu care avem consult\u0103ri permanente, pe aspecte legislative de ordin administrativ, ce \u021bin de cunoa\u0219terea cadrului legal privind eficientizarea, organizarea \u0219i desf\u0103\u0219urarea activit\u0103\u021bii <strong>Sindicatului \u00cenv\u0103\u021b\u0103m\u00e2nt jude\u021bul Ilfov<\/strong>,<\/li><li>Am continuat s\u0103 sprijinim Asocia\u021bia- Iliria Al\u0103turi de Albanezi, prin voluntariat, oferit de voluntarii ASAPD, \u00een Proiectele Iliria \u201eBalcani Project 2022 Constan\u021ba \u2013 Al etniilor, al armoniei religioase \u0219i \u00eenflorirea tradi\u021biei ora\u0219ului Permet \u00een Rom\u00e2nia\u201d din data de 03.05.2022, Proiectul Iliria, \u201e \u0218coala Carmen Silva \u2013 T\u00e2rg de prezentare a unei \u021b\u0103ri din partea elevilor\u201d din data de 20.05.2022, proiecte realizate cu<strong> sprijinul Casa Corpului Didactic Constan\u021ba \u0219i al Prim\u0103riilor Dumbr\u0103veni, Adamclisi \u0219i Topraisar din jude\u021bul Constan\u021ba<\/strong>.<\/li><li><strong>Activit\u0103\u021bi de atragere de sponsori pentru proiectele ASAPD<\/strong><\/li><li><strong>Contract de sponsorizare produse nr.1\/ 31.05.2022, \u00eencheiat \u00eentre Asocia\u021bia Antreprenori pentru Dezvoltare \u0219i SC REXTON GRUP SRL<\/strong>, contract prin care \u00een perioada 31.05.2022 &#8211; 08.06.2022 ASAPD, la recomandarea Asocia\u021biei colaboratoare Valahii, a ob\u021binut sprijinul <strong>Prim\u0103riei Ciolpani jude\u021bul Ilfov<\/strong>, \u00een derularea pe raza comunei a proiectului <strong>Caritabil \u201eAjutor pentru persoanele defavorizate<\/strong>\u201d, beneficiari fiind familii cu nivel de trai \u0219i venit modest.<\/li><li><strong>Contract de sponsorizare produse nr.2\/ 13.12.2022, \u00eencheiat \u00eentre Asocia\u021bia Antreprenori pentru Dezvoltare \u0219i SC CELAROM SRL<\/strong>, contract prin care \u00een data de 15.12.2022, am r\u0103spuns apelului ini\u021biat de Colegiul Consilierilor Juridici Bucure\u021bti, demar\u00e2nd proiectul \u201eSprijin pentru 65 de copii din Parohia V\u00e2n\u0103tori Mari\u201d, proiectul const\u00e2nd \u00een str\u00e2ngerea de produse alimentare pentru copiii din Parohia V\u00e2n\u0103torii Mari.<\/li><li><strong>Contract de sponsorizare nr. 1\/ 07.07.2022, \u00eencheiat intre Asocia\u021bia Antreprenori pentru Dezvoltare \u0219i SC SIWO PROIECTING SRL<\/strong><\/li><li><strong>Contract de sponsorizare nr. 2\/ 11.07.2022, \u00eencheiat \u00eentre Asocia\u021bia Antreprenori pentru Dezvoltare \u0219i SC REXTON GRUP SRL<\/strong><\/li><li>Pe parcursul anului 2022, ASAPD a continuat programul \u00eenceput \u00een anul 2019 \u201eActivit\u0103\u021bi <strong>de atragere colaboratori \u0219i parteneri din sfera Asocia\u021biilor \u0219i Organiza\u021biilor nonprofit<\/strong>, pentru a crea un fundament mult mai benefic prin sprijin reciproc \u00een realizarea scopului \u0219i obiectivelor comune cu valen\u021be educa\u021bionale, culturale \u0219i civice pentru societatea rom\u00e2neasc\u0103\u201d, \u00eencheind contractele:<\/li><li><strong>Contract Colaborare \u00eentre Asocia\u021bia Antreprenori pentru Dezvoltare \u0219i Asocia\u021bia MA RA MU, \u00eencheiat la 22.10.2022<\/strong><\/li><li><strong>Contract Colaborare \u021bntre Asocia\u021bia Antreprenori pentru Dezvoltare \u0219i Asocia\u021bia ATR NOTHILFE, \u00eencheiat la 22.10.2022<\/strong><\/li><li>Proiectul de <strong>atragere voluntari<\/strong> a continuat pe parcursul\u00eeintregului an 2022, reu\u0219ind s\u0103 adaug\u0103m un numar de 5 voluntari activi cu expertiza \u0219i experien\u021ba necesar\u0103 proiectelor viitoare ini\u021biate de Asocia\u021bia Antreprenori pentru Dezvoltare.<\/li><\/ul>\t\t\t\t\t\t<\/div>\n\t\t\t\t<\/div>\n\t\t\t\t\t<\/div>\n\t\t<\/div>\n\t\t\t\t\t<\/div>\n\t\t<\/section>\n\t\t\t\t<\/div>","protected":false},"excerpt":{"rendered":"<p>Asocia\u021bia Antreprenori Pentru Dezvoltare Raportul anual 2022 \u00cen anul 2022 am continuat activit\u0103\u021bile de dezvoltare ASAPD, \u00eencepute \u00een anii anteriori, consilierii juridici ASAPD, oferind permanent consult\u0103ri, opinii \u0219i sprijin asocia\u021biilor \u0219i oragniza\u021biilor colaboratoare, men\u021bin\u00eend astfel o legatur\u0103 continu\u0103 ce ne ajut\u0103 s\u0103 fim \u00een contact permanent cu nevoile societ\u0103\u021bii. Voluntarii desemna\u021bi \u00een sprijinirea dl-lui Jbara [&hellip;]<\/p>","protected":false},"author":1,"featured_media":0,"parent":118,"menu_order":0,"comment_status":"closed","ping_status":"closed","template":"","meta":{"footnotes":""},"class_list":["post-139","page","type-page","status-publish","hentry"],"_links":{"self":[{"href":"https:\/\/asapd.ro\/en\/wp-json\/wp\/v2\/pages\/139","targetHints":{"allow":["GET"]}}],"collection":[{"href":"https:\/\/asapd.ro\/en\/wp-json\/wp\/v2\/pages"}],"about":[{"href":"https:\/\/asapd.ro\/en\/wp-json\/wp\/v2\/types\/page"}],"author":[{"embeddable":true,"href":"https:\/\/asapd.ro\/en\/wp-json\/wp\/v2\/users\/1"}],"replies":[{"embeddable":true,"href":"https:\/\/asapd.ro\/en\/wp-json\/wp\/v2\/comments?post=139"}],"version-history":[{"count":4,"href":"https:\/\/asapd.ro\/en\/wp-json\/wp\/v2\/pages\/139\/revisions"}],"predecessor-version":[{"id":274,"href":"https:\/\/asapd.ro\/en\/wp-json\/wp\/v2\/pages\/139\/revisions\/274"}],"up":[{"embeddable":true,"href":"https:\/\/asapd.ro\/en\/wp-json\/wp\/v2\/pages\/118"}],"wp:attachment":[{"href":"https:\/\/asapd.ro\/en\/wp-json\/wp\/v2\/media?parent=139"}],"curies":[{"name":"wp","href":"https:\/\/api.w.org\/{rel}","templated":true}]}}