{"id":141,"date":"2023-03-17T12:37:55","date_gmt":"2023-03-17T12:37:55","guid":{"rendered":"https:\/\/asapd.ro\/?page_id=141"},"modified":"2023-03-21T15:16:10","modified_gmt":"2023-03-21T13:16:10","slug":"anul-2023","status":"publish","type":"page","link":"https:\/\/asapd.ro\/en\/rapoarte\/anul-2023\/","title":{"rendered":"Year 2023"},"content":{"rendered":"<div data-elementor-type=\"wp-page\" data-elementor-id=\"141\" class=\"elementor elementor-141\" data-elementor-post-type=\"page\">\n\t\t\t\t\t\t<section class=\"elementor-section elementor-top-section elementor-element elementor-element-36ae36e0 elementor-section-boxed elementor-section-height-default elementor-section-height-default\" data-id=\"36ae36e0\" data-element_type=\"section\">\n\t\t\t\t\t\t<div class=\"elementor-container elementor-column-gap-default\">\n\t\t\t\t\t<div class=\"elementor-column elementor-col-100 elementor-top-column elementor-element elementor-element-2f081333\" data-id=\"2f081333\" data-element_type=\"column\">\n\t\t\t<div class=\"elementor-widget-wrap elementor-element-populated\">\n\t\t\t\t\t\t<div class=\"elementor-element elementor-element-748ba60f elementor-widget elementor-widget-heading\" data-id=\"748ba60f\" data-element_type=\"widget\" data-widget_type=\"heading.default\">\n\t\t\t\t<div class=\"elementor-widget-container\">\n\t\t\t<style>\/*! elementor - v3.19.0 - 29-01-2024 *\/\n.elementor-heading-title{padding:0;margin:0;line-height:1}.elementor-widget-heading .elementor-heading-title[class*=elementor-size-]>a{color:inherit;font-size:inherit;line-height:inherit}.elementor-widget-heading .elementor-heading-title.elementor-size-small{font-size:15px}.elementor-widget-heading .elementor-heading-title.elementor-size-medium{font-size:19px}.elementor-widget-heading .elementor-heading-title.elementor-size-large{font-size:29px}.elementor-widget-heading .elementor-heading-title.elementor-size-xl{font-size:39px}.elementor-widget-heading .elementor-heading-title.elementor-size-xxl{font-size:59px}<\/style><div class=\"elementor-heading-title elementor-size-default\">Asocia\u021bia Antreprenori Pentru Dezvoltare<\/div>\t\t<\/div>\n\t\t\t\t<\/div>\n\t\t\t\t<div class=\"elementor-element elementor-element-4ca9fdd5 elementor-widget elementor-widget-heading\" data-id=\"4ca9fdd5\" data-element_type=\"widget\" data-widget_type=\"heading.default\">\n\t\t\t\t<div class=\"elementor-widget-container\">\n\t\t\t<h2 class=\"elementor-heading-title elementor-size-default\">Raportul anual 2023<\/h2>\t\t<\/div>\n\t\t\t\t<\/div>\n\t\t\t\t<div class=\"elementor-element elementor-element-18f22d94 elementor-widget__width-initial elementor-widget elementor-widget-text-editor\" data-id=\"18f22d94\" data-element_type=\"widget\" data-widget_type=\"text-editor.default\">\n\t\t\t\t<div class=\"elementor-widget-container\">\n\t\t\t<style>\/*! elementor - v3.19.0 - 29-01-2024 *\/\n.elementor-widget-text-editor.elementor-drop-cap-view-stacked .elementor-drop-cap{background-color:#69727d;color:#fff}.elementor-widget-text-editor.elementor-drop-cap-view-framed .elementor-drop-cap{color:#69727d;border:3px solid;background-color:transparent}.elementor-widget-text-editor:not(.elementor-drop-cap-view-default) .elementor-drop-cap{margin-top:8px}.elementor-widget-text-editor:not(.elementor-drop-cap-view-default) .elementor-drop-cap-letter{width:1em;height:1em}.elementor-widget-text-editor .elementor-drop-cap{float:left;text-align:center;line-height:1;font-size:50px}.elementor-widget-text-editor .elementor-drop-cap-letter{display:inline-block}<\/style>\t\t\t\t<ul><li>Anul 2023 a debutat cu o serie de decizii de dezvoltare a Asocia\u021biei, \u0219i continuarea proiectelor \u00eencepute \u00een anii anteriori, astfel:<\/li><li>Activit\u0103\u021bi pentru <strong>atragerea voluntarilor<\/strong>, av\u00e2nd \u00een prezent <strong>un numar de 25 de Voluntari<\/strong> activi \u00een Asocia\u021bie.<\/li><li><strong>Activit\u0103\u021bi de sus\u021b\u0103inere a proiectelor Asocia\u021biilor colaboaratoare,<\/strong><\/li><li><strong>Suport prin voluntariat al proiectului ini\u021biat de Asocia\u021bia Vlahii, intitulat \u201eEchita\u021bia \u0219i Via\u021ba la Ferm\u0103\u201dderulat \u00een perioada 04.02.2023 &#8211; decembrie 2023.<\/strong><\/li><li><strong>Suport prin voluntariat al proiectului ini\u021biat de Asocia\u021bia Iliria \u2013 AL\u0102TURI DE ALBANEZI, intitulat \u201eTURISM CULTURAL ROM\u00c2NIA &#8211; ALBANIA\u201d<\/strong><\/li><li>Continu\u0103m programul de atragere sponsori \u00een activita\u021bile ASAPD,<\/li><li><strong>Contract de sponsorizare nr. 5\/ 03.03.2023, \u00eencheiat \u00eentre Asocia\u021bia Antreprenori pentru Dezvoltare \u0219i SC GENERAL CONQUEST SRL<\/strong><\/li><li>Continu\u0103m programul \u021bnceput \u00een anul 2019 \u201eActivit\u0103\u021bi <strong>de atragere colaboratori \u0219i parteneri din sfera Asocia\u021biilor \u0219i Organiza\u021biilor nonprofit<\/strong>, pentru a crea un fundament mult mai benefic prin sprijin reciproc \u00een realizarea scopului \u0219i obiectivelor comune cu valen\u021be educa\u021bionale, culturale \u0219i civice pentru societatea rom\u00e2neasc\u0103\u201d, \u00eencheind astfel:<\/li><li>Contract Parteneriat \u00eentre Asocia\u021bia Antreprenori pentru Dezvoltare \u0219i Asocia\u021bia Rom\u00e2nia Patrioat\u0103 \u2013 Madrid, Spania, \u00eencheiat la data de 10.03.2023<\/li><li>\u00cen perioada 28.02 &#8211; 14.03.2023, ASAPD a fost ini\u021biatorul proiectului intitulat <strong>\u201ePort ie cu m\u00e2ndrie &#8211; festival de tradi\u021bii prilejuit de Ziua Na\u021bional\u0103 a Rom\u00e2niei\u201d<\/strong> realizat \u00een parteneriat cu Asocia\u021bia Cultural\u0103 Valahii, Funda\u021bia de Binefacere Caritas Moldova \u0219i Asocia\u021bia Rom\u00e2nia Patrioat\u0103 din Madrid,Spania. Proiect finan\u021bat de Departamentul Rom\u00e2nilor de Pretutindeni, \u00een cadrul c\u0103ruia ASAPD a depus cererea de finan\u021bare ce a fost \u00eenregistrat\u0103 sub nr. <strong>DRP\/1803\/14.03.2023<\/strong>.<\/li><li>Scurt\u0103 descriere a proiectului ce marcheaz\u0103 ziua de 1 decembrie \u0219i a activit\u0103\u021bilor propuse:<\/li><li><strong>P\u0103strarea \u0219i afirmarea identit\u0103\u021bii culturale a rom\u00e2nilor de pretutindeni<\/strong>, obiectiv \u00eendeplinit prin activit\u0103\u021bile din cadrul conferin\u021bei \u021binute at\u00e2t \u00een Madrid c\u00eet \u0219i Chi\u0219in\u0103u, intitulat\u0103 \u201ePremisele \u0219i Semnifica\u021bia Actului Istoric al Marii Uniri\u201d, Lansarea volumului aniversar intitulat \u201eCartea de Aur a Marii Uniri, autor Bogdan Bucur, editat\u0103 de Editura Rao.<\/li><li><strong>Sus\u021binerea tradi\u021biilor \u0219i obiceiurilor rom\u00e2ne\u0219ti, promovarea valorilor culturale \u0219i spirituale rom\u00e2ne\u0219ti la nivelul opiniei publice din diaspora \u0219i identificarea elitelor rom\u00e2ne\u0219ti<\/strong>, obiectiv \u00eendeplinit prin activit\u0103\u021bile concursului intitulat \u201ePort ie cu m\u00e2ndrie\u201d. Premiile acordate, materialele publicitare oferite participan\u021bilor, Concertul \u201eAdrian din Inima Enache\u201d, Spectacol Ecvestru sus\u021binut de Asocia\u021bia Cultural\u0103 Valahii, activitate de donare de carte, ac\u021biune prin care peste 1000 de c\u0103r\u021bi vor ajunge sau vor fi la dispozi\u021bia copiilor \u0219i rom\u00e2nilor din comunit\u0103\u021bile de rom\u00e2ni din Moldova \u0219i Spania, manuale de limba si literatura rom\u00e2n\u0103, c\u0103r\u021bi de istorie \u0219i c\u0103r\u021bi din literatura rom\u00e2neasc\u0103 pentru copii. C\u0103r\u021b\u0103ile vor purta sigla Departamentului Pentru Rom\u00eenii De Pretutindeni,<\/li><li><strong>\u00cent\u00e2lnirile cu membrii<\/strong> comunit\u0103\u021bii care vor fi trata\u021bi cu apa, cafea \u0219i <strong>sondajul de opinie<\/strong> sunt <strong>ac\u021biuni de ap\u0103rare a intereselor comunit\u0103\u021bii rom\u00e2ne\u0219ti<\/strong>, venite \u00een <strong>sprijinul comunit\u0103\u021bilor rom\u00e2ne\u0219ti din Moldova \u0219i Spania<\/strong>, \u00een cadrul c\u0103rora vom purta discu\u021bii \u0219i <strong>vom lega parteneriate durabile ce duc la dezvoltarea mediului asociativ dintre Rom\u00e2nia \u0219i rom\u00e2nii comunit\u0103\u021bilor din Moldova \u0219i Spania, ac\u021biuni ce duc la cre\u0219terea gradului de coeziune \u0219i solidaritate comunitar\u0103<\/strong>, menite s\u0103 vin\u0103 \u00een sprijinul comunit\u0103\u021bii de rom\u00e2ni din diaspora \u00een cadrul carora <strong>vom identifica nevoile comunit\u0103\u021bii rom\u00e2ne\u0219ti<\/strong> \u0219i <strong>vom g\u0103si metode de rezolvare<\/strong> a acestora, vom \u00eenainta propunerile venite din partea lor, ministerelor de resort ale Statului Rom\u00e2n \u0219i ne vom ocupa de monitorizerea rezolv\u0103rii acestor probleme.<\/li><\/ul>\t\t\t\t\t\t<\/div>\n\t\t\t\t<\/div>\n\t\t\t\t\t<\/div>\n\t\t<\/div>\n\t\t\t\t\t<\/div>\n\t\t<\/section>\n\t\t\t\t<\/div>","protected":false},"excerpt":{"rendered":"<p>Asocia\u021bia Antreprenori Pentru Dezvoltare Raportul anual 2023 Anul 2023 a debutat cu o serie de decizii de dezvoltare a Asocia\u021biei, \u0219i continuarea proiectelor \u00eencepute \u00een anii anteriori, astfel: Activit\u0103\u021bi pentru atragerea voluntarilor, av\u00e2nd \u00een prezent un numar de 25 de Voluntari activi \u00een Asocia\u021bie. Activit\u0103\u021bi de sus\u021b\u0103inere a proiectelor Asocia\u021biilor colaboaratoare, Suport prin voluntariat al [&hellip;]<\/p>","protected":false},"author":1,"featured_media":0,"parent":118,"menu_order":0,"comment_status":"closed","ping_status":"closed","template":"","meta":{"footnotes":""},"class_list":["post-141","page","type-page","status-publish","hentry"],"_links":{"self":[{"href":"https:\/\/asapd.ro\/en\/wp-json\/wp\/v2\/pages\/141","targetHints":{"allow":["GET"]}}],"collection":[{"href":"https:\/\/asapd.ro\/en\/wp-json\/wp\/v2\/pages"}],"about":[{"href":"https:\/\/asapd.ro\/en\/wp-json\/wp\/v2\/types\/page"}],"author":[{"embeddable":true,"href":"https:\/\/asapd.ro\/en\/wp-json\/wp\/v2\/users\/1"}],"replies":[{"embeddable":true,"href":"https:\/\/asapd.ro\/en\/wp-json\/wp\/v2\/comments?post=141"}],"version-history":[{"count":7,"href":"https:\/\/asapd.ro\/en\/wp-json\/wp\/v2\/pages\/141\/revisions"}],"predecessor-version":[{"id":281,"href":"https:\/\/asapd.ro\/en\/wp-json\/wp\/v2\/pages\/141\/revisions\/281"}],"up":[{"embeddable":true,"href":"https:\/\/asapd.ro\/en\/wp-json\/wp\/v2\/pages\/118"}],"wp:attachment":[{"href":"https:\/\/asapd.ro\/en\/wp-json\/wp\/v2\/media?parent=141"}],"curies":[{"name":"wp","href":"https:\/\/api.w.org\/{rel}","templated":true}]}}